{"id":15,"date":"2015-01-25T21:10:58","date_gmt":"2015-01-25T21:10:58","guid":{"rendered":"http:\/\/explorientation.com\/de\/?page_id=15"},"modified":"2020-11-16T17:27:20","modified_gmt":"2020-11-16T17:27:20","slug":"bewerbungstraining-zweisprachig","status":"publish","type":"page","link":"https:\/\/explorientation.com\/de\/bewerbungstraining-zweisprachig\/","title":{"rendered":"Bewerbungstraining"},"content":{"rendered":"\t\t<div data-elementor-type=\"wp-page\" data-elementor-id=\"15\" class=\"elementor elementor-15\" data-elementor-settings=\"[]\">\n\t\t\t\t\t\t<div class=\"elementor-inner\">\n\t\t\t\t\t\t\t<div class=\"elementor-section-wrap\">\n\t\t\t\t\t\t\t<section class=\"elementor-section elementor-top-section elementor-element elementor-element-4bc4cea elementor-section-boxed elementor-section-height-default elementor-section-height-default\" data-id=\"4bc4cea\" data-element_type=\"section\" data-settings=\"{&quot;background_background&quot;:&quot;classic&quot;}\">\n\t\t\t\t\t\t<div class=\"elementor-container elementor-column-gap-default\">\n\t\t\t\t\t\t\t<div class=\"elementor-row\">\n\t\t\t\t\t<div class=\"elementor-column elementor-col-100 elementor-top-column elementor-element elementor-element-f7523cc\" data-id=\"f7523cc\" data-element_type=\"column\">\n\t\t\t<div class=\"elementor-column-wrap elementor-element-populated\">\n\t\t\t\t\t\t\t<div class=\"elementor-widget-wrap\">\n\t\t\t\t\t\t<div class=\"elementor-element elementor-element-7e44738 elementor-widget elementor-widget-image\" data-id=\"7e44738\" data-element_type=\"widget\" data-widget_type=\"image.default\">\n\t\t\t\t<div class=\"elementor-widget-container\">\n\t\t\t\t\t\t\t\t<div class=\"elementor-image\">\n\t\t\t\t\t\t\t\t\t\t\t\t<img decoding=\"async\" width=\"300\" height=\"211\" src=\"https:\/\/explorientation.com\/de\/wp-content\/uploads\/sites\/4\/2020\/11\/Workshop-deu-links-300x211.jpg\" class=\"attachment-medium size-medium\" alt=\"\" loading=\"lazy\" srcset=\"https:\/\/explorientation.com\/de\/wp-content\/uploads\/sites\/4\/2020\/11\/Workshop-deu-links-300x211.jpg 300w, https:\/\/explorientation.com\/de\/wp-content\/uploads\/sites\/4\/2020\/11\/Workshop-deu-links.jpg 567w\" sizes=\"(max-width: 300px) 100vw, 300px\" \/>\t\t\t\t\t\t\t\t\t\t\t\t\t\t<\/div>\n\t\t\t\t\t\t<\/div>\n\t\t\t\t<\/div>\n\t\t\t\t<div class=\"elementor-element elementor-element-83c8ac1 elementor-widget elementor-widget-heading\" data-id=\"83c8ac1\" data-element_type=\"widget\" data-widget_type=\"heading.default\">\n\t\t\t\t<div class=\"elementor-widget-container\">\n\t\t\t<h2 class=\"elementor-heading-title elementor-size-default\">zus\u00e4tzliche Workshops<\/h2>\t\t<\/div>\n\t\t\t\t<\/div>\n\t\t\t\t\t\t<\/div>\n\t\t\t\t\t<\/div>\n\t\t<\/div>\n\t\t\t\t\t\t\t\t<\/div>\n\t\t\t\t\t<\/div>\n\t\t<\/section>\n\t\t\t\t<section class=\"elementor-section elementor-top-section elementor-element elementor-element-07f5b6f elementor-section-boxed elementor-section-height-default elementor-section-height-default\" data-id=\"07f5b6f\" data-element_type=\"section\" data-settings=\"{&quot;background_background&quot;:&quot;classic&quot;}\">\n\t\t\t\t\t\t<div class=\"elementor-container elementor-column-gap-default\">\n\t\t\t\t\t\t\t<div class=\"elementor-row\">\n\t\t\t\t\t<div class=\"elementor-column elementor-col-50 elementor-top-column elementor-element elementor-element-cdd581b\" data-id=\"cdd581b\" data-element_type=\"column\">\n\t\t\t<div class=\"elementor-column-wrap elementor-element-populated\">\n\t\t\t\t\t\t\t<div class=\"elementor-widget-wrap\">\n\t\t\t\t\t\t<div class=\"elementor-element elementor-element-d14e863 elementor-widget elementor-widget-text-editor\" data-id=\"d14e863\" data-element_type=\"widget\" data-widget_type=\"text-editor.default\">\n\t\t\t\t<div class=\"elementor-widget-container\">\n\t\t\t\t\t\t\t\t<div class=\"elementor-text-editor elementor-clearfix\">\n\t\t\t\t<p class=\"p1\">Bewerbungstraining<\/p>\t\t\t\t\t<\/div>\n\t\t\t\t\t\t<\/div>\n\t\t\t\t<\/div>\n\t\t\t\t<div class=\"elementor-element elementor-element-48e72aa elementor-widget elementor-widget-text-editor\" data-id=\"48e72aa\" data-element_type=\"widget\" data-widget_type=\"text-editor.default\">\n\t\t\t\t<div class=\"elementor-widget-container\">\n\t\t\t\t\t\t\t\t<div class=\"elementor-text-editor elementor-clearfix\">\n\t\t\t\t<p class=\"p1\">Alle Sch\u00fcler stehen vor ihrem EXPLO in Bewerbungsprozessen, sei es f\u00fcr einen dualen Ausbildungsplatz oder eine internationale Universit\u00e4t, f\u00fcr einen Mini-Job oder ein Praktikum im Ausland. Alle haben Potenzial, doch nicht alle k\u00f6nnen sich \u00fcberzeugend bewerben. Wir m\u00f6chten, dass alle unsere Klienten optimal vorbereitet in den Bewerbungsprozess gehen. Wir haben deswegen speziell f\u00fcr dieses Thema\u00a0<b>Bettina Bergner<\/b>, als erfahrene Personalberaterin, f\u00fcr\u00a0Explorientation Hamburg gewinnen k\u00f6nnen. Wir empfehlen allen unserer Klienten diese Chance zu nutzen.<\/p><ul class=\"ul1\"><li class=\"li1\">Detaillierte<b> Vorbereitung<\/b> auf das einladende Unternehmen\/Universit\u00e4t<\/li><li class=\"li1\">Individuelle <b>Erarbeitung der Pers\u00f6nlichkeitsstruktur<\/b><\/li><li class=\"li1\">Erl\u00e4uterung und <b>Vorbereitung auf die Bewerbungs-, Interviewsituation<\/b><\/li><li class=\"li1\"><b>Unterlagen<\/b> zur Nachbereitung<\/li><\/ul>\t\t\t\t\t<\/div>\n\t\t\t\t\t\t<\/div>\n\t\t\t\t<\/div>\n\t\t\t\t<div class=\"elementor-element elementor-element-8786643 elementor-widget elementor-widget-text-editor\" data-id=\"8786643\" data-element_type=\"widget\" data-widget_type=\"text-editor.default\">\n\t\t\t\t<div class=\"elementor-widget-container\">\n\t\t\t\t\t\t\t\t<div class=\"elementor-text-editor elementor-clearfix\">\n\t\t\t\t<p><b>Honorar: <\/b>\u20ac 275,00<br \/>f\u00fcr 3 Stunden (inkl. Vorbereitung) Individuelle Beratung\/Vorbereitung jederzeit m\u00f6glich, Preis nach Aufwand<\/p>\t\t\t\t\t<\/div>\n\t\t\t\t\t\t<\/div>\n\t\t\t\t<\/div>\n\t\t\t\t\t\t<\/div>\n\t\t\t\t\t<\/div>\n\t\t<\/div>\n\t\t\t\t<div class=\"elementor-column elementor-col-50 elementor-top-column elementor-element elementor-element-2bd5c3c\" data-id=\"2bd5c3c\" data-element_type=\"column\">\n\t\t\t<div class=\"elementor-column-wrap elementor-element-populated\">\n\t\t\t\t\t\t\t<div class=\"elementor-widget-wrap\">\n\t\t\t\t\t\t<div class=\"elementor-element elementor-element-e8b4528 elementor-widget elementor-widget-text-editor\" data-id=\"e8b4528\" data-element_type=\"widget\" data-widget_type=\"text-editor.default\">\n\t\t\t\t<div class=\"elementor-widget-container\">\n\t\t\t\t\t\t\t\t<div class=\"elementor-text-editor elementor-clearfix\">\n\t\t\t\t<p class=\"p1\">BILINGUALES BEWERBUNGSTRAINING<\/p>\t\t\t\t\t<\/div>\n\t\t\t\t\t\t<\/div>\n\t\t\t\t<\/div>\n\t\t\t\t<div class=\"elementor-element elementor-element-091f419 elementor-widget elementor-widget-text-editor\" data-id=\"091f419\" data-element_type=\"widget\" data-widget_type=\"text-editor.default\">\n\t\t\t\t<div class=\"elementor-widget-container\">\n\t\t\t\t\t\t\t\t<div class=\"elementor-text-editor elementor-clearfix\">\n\t\t\t\t<p class=\"p1\">F\u00fcr internationale Praktika w\u00e4hrend eines <b>EXPLOs<\/b>\u00a0\u00a0gilt es sich insbesondere\u00a0auf Englisch kompetent\u00a0zu pr\u00e4sentieren.<\/p><ul class=\"ul1\"><li class=\"li1\">Wie muss ein englischer Lebenslauf aussehen? Welche Zeugnisse und Referenzen sollten beiliegen? Welche Informationen sind international entscheidend?<\/li><li class=\"li1\">Wenn ich per Skype interviewed werde, welche Fragen werden vermutlich drankommen? Wie bereite ich mich am besten vor, um einen authentischen, selbstbewussten und kompetenten Eindruck zu hinterlassen?<\/li><\/ul><p class=\"p1\"><br \/>Durch unsere\u00a0internationalen Erfahrungen und\u00a0Englisch als Muttersprache bereiten wir Jugendliche mit unserem bi-lingualen Interview Training optimal auf internationale Bewerbungsgespr\u00e4che vor.<\/p>\t\t\t\t\t<\/div>\n\t\t\t\t\t\t<\/div>\n\t\t\t\t<\/div>\n\t\t\t\t<div class=\"elementor-element elementor-element-45b9eb4 elementor-widget elementor-widget-text-editor\" data-id=\"45b9eb4\" data-element_type=\"widget\" data-widget_type=\"text-editor.default\">\n\t\t\t\t<div class=\"elementor-widget-container\">\n\t\t\t\t\t\t\t\t<div class=\"elementor-text-editor elementor-clearfix\">\n\t\t\t\t<p class=\"p1\"><b>Honorar: <\/b>\u20ac 275,00<br \/>3 Stunden (inkl. Vorbereitung) Individuelle Beratung\/Vorbereitung jederzeit m\u00f6glich, Preis nach Aufwand<\/p>\t\t\t\t\t<\/div>\n\t\t\t\t\t\t<\/div>\n\t\t\t\t<\/div>\n\t\t\t\t\t\t<\/div>\n\t\t\t\t\t<\/div>\n\t\t<\/div>\n\t\t\t\t\t\t\t\t<\/div>\n\t\t\t\t\t<\/div>\n\t\t<\/section>\n\t\t\t\t<section class=\"elementor-section elementor-top-section elementor-element elementor-element-9a63a63 elementor-section-boxed elementor-section-height-default elementor-section-height-default\" data-id=\"9a63a63\" data-element_type=\"section\">\n\t\t\t\t\t\t<div class=\"elementor-container elementor-column-gap-default\">\n\t\t\t\t\t\t\t<div class=\"elementor-row\">\n\t\t\t\t\t<div class=\"elementor-column elementor-col-100 elementor-top-column elementor-element elementor-element-c0d2cdd\" data-id=\"c0d2cdd\" data-element_type=\"column\">\n\t\t\t<div class=\"elementor-column-wrap elementor-element-populated\">\n\t\t\t\t\t\t\t<div class=\"elementor-widget-wrap\">\n\t\t\t\t\t\t<div class=\"elementor-element elementor-element-ba9a85c elementor-widget elementor-widget-spacer\" data-id=\"ba9a85c\" data-element_type=\"widget\" data-widget_type=\"spacer.default\">\n\t\t\t\t<div class=\"elementor-widget-container\">\n\t\t\t\t\t<div class=\"elementor-spacer\">\n\t\t\t<div class=\"elementor-spacer-inner\"><\/div>\n\t\t<\/div>\n\t\t\t\t<\/div>\n\t\t\t\t<\/div>\n\t\t\t\t\t\t<\/div>\n\t\t\t\t\t<\/div>\n\t\t<\/div>\n\t\t\t\t\t\t\t\t<\/div>\n\t\t\t\t\t<\/div>\n\t\t<\/section>\n\t\t\t\t\t\t<\/div>\n\t\t\t\t\t\t<\/div>\n\t\t\t\t\t<\/div>\n\t\t","protected":false},"excerpt":{"rendered":"<p>zus\u00e4tzliche Workshops Bewerbungstraining Alle Sch\u00fcler stehen vor ihrem EXPLO in Bewerbungsprozessen, sei es f\u00fcr einen dualen Ausbildungsplatz oder eine internationale Universit\u00e4t, f\u00fcr einen Mini-Job oder ein Praktikum im Ausland. Alle haben Potenzial, doch nicht alle k\u00f6nnen sich \u00fcberzeugend bewerben. Wir m\u00f6chten, dass alle unsere Klienten optimal vorbereitet in den Bewerbungsprozess<\/p>\n","protected":false},"author":1,"featured_media":0,"parent":0,"menu_order":1,"comment_status":"closed","ping_status":"closed","template":"","meta":[],"yoast_head":"<!-- This site is optimized with the Yoast SEO plugin v17.4 - https:\/\/yoast.com\/wordpress\/plugins\/seo\/ -->\n<title>Bewerbungstraining -<\/title>\n<meta name=\"robots\" content=\"index, follow, max-snippet:-1, max-image-preview:large, max-video-preview:-1\" \/>\n<link rel=\"canonical\" href=\"https:\/\/explorientation.com\/de\/bewerbungstraining-zweisprachig\/\" \/>\n<meta property=\"og:locale\" content=\"de_DE\" \/>\n<meta property=\"og:type\" content=\"article\" \/>\n<meta property=\"og:title\" content=\"Bewerbungstraining -\" \/>\n<meta property=\"og:description\" content=\"zus\u00e4tzliche Workshops Bewerbungstraining Alle Sch\u00fcler stehen vor ihrem EXPLO in Bewerbungsprozessen, sei es f\u00fcr einen dualen Ausbildungsplatz oder eine internationale Universit\u00e4t, f\u00fcr einen Mini-Job oder ein Praktikum im Ausland. Alle haben Potenzial, doch nicht alle k\u00f6nnen sich \u00fcberzeugend bewerben. Wir m\u00f6chten, dass alle unsere Klienten optimal vorbereitet in den Bewerbungsprozess\" \/>\n<meta property=\"og:url\" content=\"https:\/\/explorientation.com\/de\/bewerbungstraining-zweisprachig\/\" \/>\n<meta property=\"article:modified_time\" content=\"2020-11-16T17:27:20+00:00\" \/>\n<meta property=\"og:image\" content=\"https:\/\/explorientation.com\/de\/wp-content\/uploads\/sites\/4\/2020\/11\/Workshop-deu-links-300x211.jpg\" \/>\n<meta name=\"twitter:card\" content=\"summary_large_image\" \/>\n<meta name=\"twitter:label1\" content=\"Gesch\u00e4tzte Lesezeit\" \/>\n\t<meta name=\"twitter:data1\" content=\"1\u00a0Minute\" \/>\n<script type=\"application\/ld+json\" class=\"yoast-schema-graph\">{\"@context\":\"https:\/\/schema.org\",\"@graph\":[{\"@type\":\"WebSite\",\"@id\":\"https:\/\/explorientation.com\/de\/#website\",\"url\":\"https:\/\/explorientation.com\/de\/\",\"name\":\"\",\"description\":\"\",\"potentialAction\":[{\"@type\":\"SearchAction\",\"target\":{\"@type\":\"EntryPoint\",\"urlTemplate\":\"https:\/\/explorientation.com\/de\/?s={search_term_string}\"},\"query-input\":\"required name=search_term_string\"}],\"inLanguage\":\"de\"},{\"@type\":\"ImageObject\",\"@id\":\"https:\/\/explorientation.com\/de\/bewerbungstraining-zweisprachig\/#primaryimage\",\"inLanguage\":\"de\",\"url\":\"https:\/\/explorientation.com\/de\/wp-content\/uploads\/sites\/4\/2020\/11\/Workshop-deu-links.jpg\",\"contentUrl\":\"https:\/\/explorientation.com\/de\/wp-content\/uploads\/sites\/4\/2020\/11\/Workshop-deu-links.jpg\",\"width\":567,\"height\":398},{\"@type\":\"WebPage\",\"@id\":\"https:\/\/explorientation.com\/de\/bewerbungstraining-zweisprachig\/#webpage\",\"url\":\"https:\/\/explorientation.com\/de\/bewerbungstraining-zweisprachig\/\",\"name\":\"Bewerbungstraining -\",\"isPartOf\":{\"@id\":\"https:\/\/explorientation.com\/de\/#website\"},\"primaryImageOfPage\":{\"@id\":\"https:\/\/explorientation.com\/de\/bewerbungstraining-zweisprachig\/#primaryimage\"},\"datePublished\":\"2015-01-25T21:10:58+00:00\",\"dateModified\":\"2020-11-16T17:27:20+00:00\",\"breadcrumb\":{\"@id\":\"https:\/\/explorientation.com\/de\/bewerbungstraining-zweisprachig\/#breadcrumb\"},\"inLanguage\":\"de\",\"potentialAction\":[{\"@type\":\"ReadAction\",\"target\":[\"https:\/\/explorientation.com\/de\/bewerbungstraining-zweisprachig\/\"]}]},{\"@type\":\"BreadcrumbList\",\"@id\":\"https:\/\/explorientation.com\/de\/bewerbungstraining-zweisprachig\/#breadcrumb\",\"itemListElement\":[{\"@type\":\"ListItem\",\"position\":1,\"name\":\"Home\",\"item\":\"https:\/\/explorientation.com\/de\/\"},{\"@type\":\"ListItem\",\"position\":2,\"name\":\"Bewerbungstraining\"}]}]}<\/script>\n<!-- \/ Yoast SEO plugin. -->","yoast_head_json":{"title":"Bewerbungstraining -","robots":{"index":"index","follow":"follow","max-snippet":"max-snippet:-1","max-image-preview":"max-image-preview:large","max-video-preview":"max-video-preview:-1"},"canonical":"https:\/\/explorientation.com\/de\/bewerbungstraining-zweisprachig\/","og_locale":"de_DE","og_type":"article","og_title":"Bewerbungstraining -","og_description":"zus\u00e4tzliche Workshops Bewerbungstraining Alle Sch\u00fcler stehen vor ihrem EXPLO in Bewerbungsprozessen, sei es f\u00fcr einen dualen Ausbildungsplatz oder eine internationale Universit\u00e4t, f\u00fcr einen Mini-Job oder ein Praktikum im Ausland. Alle haben Potenzial, doch nicht alle k\u00f6nnen sich \u00fcberzeugend bewerben. Wir m\u00f6chten, dass alle unsere Klienten optimal vorbereitet in den Bewerbungsprozess","og_url":"https:\/\/explorientation.com\/de\/bewerbungstraining-zweisprachig\/","article_modified_time":"2020-11-16T17:27:20+00:00","og_image":[{"url":"https:\/\/explorientation.com\/de\/wp-content\/uploads\/sites\/4\/2020\/11\/Workshop-deu-links-300x211.jpg"}],"twitter_card":"summary_large_image","twitter_misc":{"Gesch\u00e4tzte Lesezeit":"1\u00a0Minute"},"schema":{"@context":"https:\/\/schema.org","@graph":[{"@type":"WebSite","@id":"https:\/\/explorientation.com\/de\/#website","url":"https:\/\/explorientation.com\/de\/","name":"","description":"","potentialAction":[{"@type":"SearchAction","target":{"@type":"EntryPoint","urlTemplate":"https:\/\/explorientation.com\/de\/?s={search_term_string}"},"query-input":"required name=search_term_string"}],"inLanguage":"de"},{"@type":"ImageObject","@id":"https:\/\/explorientation.com\/de\/bewerbungstraining-zweisprachig\/#primaryimage","inLanguage":"de","url":"https:\/\/explorientation.com\/de\/wp-content\/uploads\/sites\/4\/2020\/11\/Workshop-deu-links.jpg","contentUrl":"https:\/\/explorientation.com\/de\/wp-content\/uploads\/sites\/4\/2020\/11\/Workshop-deu-links.jpg","width":567,"height":398},{"@type":"WebPage","@id":"https:\/\/explorientation.com\/de\/bewerbungstraining-zweisprachig\/#webpage","url":"https:\/\/explorientation.com\/de\/bewerbungstraining-zweisprachig\/","name":"Bewerbungstraining -","isPartOf":{"@id":"https:\/\/explorientation.com\/de\/#website"},"primaryImageOfPage":{"@id":"https:\/\/explorientation.com\/de\/bewerbungstraining-zweisprachig\/#primaryimage"},"datePublished":"2015-01-25T21:10:58+00:00","dateModified":"2020-11-16T17:27:20+00:00","breadcrumb":{"@id":"https:\/\/explorientation.com\/de\/bewerbungstraining-zweisprachig\/#breadcrumb"},"inLanguage":"de","potentialAction":[{"@type":"ReadAction","target":["https:\/\/explorientation.com\/de\/bewerbungstraining-zweisprachig\/"]}]},{"@type":"BreadcrumbList","@id":"https:\/\/explorientation.com\/de\/bewerbungstraining-zweisprachig\/#breadcrumb","itemListElement":[{"@type":"ListItem","position":1,"name":"Home","item":"https:\/\/explorientation.com\/de\/"},{"@type":"ListItem","position":2,"name":"Bewerbungstraining"}]}]}},"blog_post_layout_featured_media_urls":{"thumbnail":"","full":""},"categories_names":null,"comments_number":"0","_links":{"self":[{"href":"https:\/\/explorientation.com\/de\/wp-json\/wp\/v2\/pages\/15"}],"collection":[{"href":"https:\/\/explorientation.com\/de\/wp-json\/wp\/v2\/pages"}],"about":[{"href":"https:\/\/explorientation.com\/de\/wp-json\/wp\/v2\/types\/page"}],"author":[{"embeddable":true,"href":"https:\/\/explorientation.com\/de\/wp-json\/wp\/v2\/users\/1"}],"replies":[{"embeddable":true,"href":"https:\/\/explorientation.com\/de\/wp-json\/wp\/v2\/comments?post=15"}],"version-history":[{"count":26,"href":"https:\/\/explorientation.com\/de\/wp-json\/wp\/v2\/pages\/15\/revisions"}],"predecessor-version":[{"id":853,"href":"https:\/\/explorientation.com\/de\/wp-json\/wp\/v2\/pages\/15\/revisions\/853"}],"wp:attachment":[{"href":"https:\/\/explorientation.com\/de\/wp-json\/wp\/v2\/media?parent=15"}],"curies":[{"name":"wp","href":"https:\/\/api.w.org\/{rel}","templated":true}]}}