{"id":19,"date":"2015-01-25T21:11:59","date_gmt":"2015-01-25T21:11:59","guid":{"rendered":"http:\/\/explorientation.com\/de\/?page_id=19"},"modified":"2020-11-16T17:44:08","modified_gmt":"2020-11-16T17:44:08","slug":"10-gute-gruende","status":"publish","type":"page","link":"https:\/\/explorientation.com\/de\/explo-orientation\/10-gute-gruende\/","title":{"rendered":"10 Gute Gr\u00fcnde"},"content":{"rendered":"\t\t<div data-elementor-type=\"wp-page\" data-elementor-id=\"19\" class=\"elementor elementor-19\" data-elementor-settings=\"[]\">\n\t\t\t\t\t\t<div class=\"elementor-inner\">\n\t\t\t\t\t\t\t<div class=\"elementor-section-wrap\">\n\t\t\t\t\t\t\t<section class=\"elementor-section elementor-top-section elementor-element elementor-element-85ffe9e elementor-section-boxed elementor-section-height-default elementor-section-height-default\" data-id=\"85ffe9e\" data-element_type=\"section\">\n\t\t\t\t\t\t<div class=\"elementor-container elementor-column-gap-default\">\n\t\t\t\t\t\t\t<div class=\"elementor-row\">\n\t\t\t\t\t<div class=\"elementor-column elementor-col-100 elementor-top-column elementor-element elementor-element-7a08b70\" data-id=\"7a08b70\" data-element_type=\"column\">\n\t\t\t<div class=\"elementor-column-wrap elementor-element-populated\">\n\t\t\t\t\t\t\t<div class=\"elementor-widget-wrap\">\n\t\t\t\t\t\t<div class=\"elementor-element elementor-element-f1fb8a1 elementor-widget elementor-widget-image\" data-id=\"f1fb8a1\" data-element_type=\"widget\" data-widget_type=\"image.default\">\n\t\t\t\t<div class=\"elementor-widget-container\">\n\t\t\t\t\t\t\t\t<div class=\"elementor-image\">\n\t\t\t\t\t\t\t\t\t\t\t\t<img decoding=\"async\" src=\"https:\/\/explorientation.com\/wp-content\/uploads\/2014\/05\/Sketch-Final-web-e1400927382523.jpg\" title=\"\" alt=\"\" \/>\t\t\t\t\t\t\t\t\t\t\t\t\t\t<\/div>\n\t\t\t\t\t\t<\/div>\n\t\t\t\t<\/div>\n\t\t\t\t\t\t<\/div>\n\t\t\t\t\t<\/div>\n\t\t<\/div>\n\t\t\t\t\t\t\t\t<\/div>\n\t\t\t\t\t<\/div>\n\t\t<\/section>\n\t\t\t\t<section class=\"elementor-section elementor-top-section elementor-element elementor-element-2438b8b elementor-section-boxed elementor-section-height-default elementor-section-height-default\" data-id=\"2438b8b\" data-element_type=\"section\" data-settings=\"{&quot;background_background&quot;:&quot;classic&quot;}\">\n\t\t\t\t\t\t<div class=\"elementor-container elementor-column-gap-default\">\n\t\t\t\t\t\t\t<div class=\"elementor-row\">\n\t\t\t\t\t<div class=\"elementor-column elementor-col-100 elementor-top-column elementor-element elementor-element-ce5d67c\" data-id=\"ce5d67c\" data-element_type=\"column\">\n\t\t\t<div class=\"elementor-column-wrap elementor-element-populated\">\n\t\t\t\t\t\t\t<div class=\"elementor-widget-wrap\">\n\t\t\t\t\t\t<div class=\"elementor-element elementor-element-dbd9a26 elementor-widget elementor-widget-heading\" data-id=\"dbd9a26\" data-element_type=\"widget\" data-widget_type=\"heading.default\">\n\t\t\t\t<div class=\"elementor-widget-container\">\n\t\t\t<h2 class=\"elementor-heading-title elementor-size-default\">10 gute gr\u00fcnde<\/h2>\t\t<\/div>\n\t\t\t\t<\/div>\n\t\t\t\t<div class=\"elementor-element elementor-element-98433b1 elementor-widget elementor-widget-text-editor\" data-id=\"98433b1\" data-element_type=\"widget\" data-widget_type=\"text-editor.default\">\n\t\t\t\t<div class=\"elementor-widget-container\">\n\t\t\t\t\t\t\t\t<div class=\"elementor-text-editor elementor-clearfix\">\n\t\t\t\t<p><span style=\"color: #7eb8b2;\"><b>1. LERNE MEHR \u00dcBER DICH SELBST<br \/><\/b><\/span><em>Eine andere Umgebung wird Dir neue Perspektiven geben und Deine unterschiedlichen Talente f\u00f6rdern.<\/em><\/p><p><b><span style=\"color: #7eb8b2;\">2. TAKE YOUR DESTINY INTO YOUR OWN HANDS<\/span><br \/><\/b><em>Nach Jahren auf der Schulbank bekommst Du nun ein auf Dich pers\u00f6nlich zugeschnittenes EXPLO, das den Anforderungen und Erfahrungsbereichen angepasst ist, die Du anstrebst.<\/em><\/p><p><span style=\"color: #7eb8b2;\"><b>3. ENTWICKLE DEINE INTERESSEN<\/b>\u00a0<\/span><br \/><em>Tauch in ein Projekt ein, das Dir am Herzen liegt und entwickle einen Sinn f\u00fcr Deine Pr\u00e4ferenzen. Aus den unz\u00e4hligen M\u00f6glichkeiten w\u00e4hle einige wenige aus, die Dir ganz wichtig sind.<\/em><\/p><p><b><span style=\"color: #7eb8b2;\">4. EIN HAUS VON DER GROSSEN WEITEN WELT<br \/><\/span><\/b><em>Erforsche die Welt um Dich herum; mache Dir klar, wo Du hineinpasst\/hingeh\u00f6rst und was der beste Weg in die Zukunft ist\/und wohin Du willst.<\/em><\/p><p><b><span style=\"color: #7eb8b2;\">5. ERWIRB NEUE F\u00c4HIGKEITEN<br \/><\/span><\/b><em>Erweitere Deinen F\u00e4cher an Fertigkeiten in einer Zeit voller Herausforderungen und starker Konkurrenz.<\/em><\/p><p><b><span style=\"color: #7eb8b2;\">6. UNTERSCHEIDE DICH<br \/><\/span><\/b><em><span style=\"color: #000000;\">I<\/span>n einer Welt voller talentierter Kandidaten springen einem Interviewer ungew\u00f6hnliche F\u00e4higkeiten schnell ins Auge; sie geben Dir die M\u00f6glichkeit, \u00fcber etwas zu reden, von dem sie selbst nur wenig Kenntnis haben.<\/em><\/p><p><b><span style=\"color: #7eb8b2;\">7. ERWEITERE DEINEN HORIZONT<br \/><\/span><\/b><em>Weit weg vom alten Freundeskreis nehmen eingefahrene Gewohnheiten ab und Du bereicherst Dein Leben mit Freundschaften auf der ganzen Welt.<\/em><\/p><p><span style=\"color: #7eb8b2;\"><b>8. SETZ DICH EIN<br \/><\/b><\/span><em>F\u00fcr einen guten Zweck zu wirken ist eine sehr erf\u00fcllende Erfahrung.<\/em><\/p><p><span style=\"color: #7eb8b2;\"><b>9. ERWECKE DEINEN LERNWILLEN WIEDER<br \/><\/b><\/span><em>Ein Wechsel ist so gut wie eine Ruhephase. Viele junge Leute, die nach einer Pause wieder anfangen zu studieren, erweisen sich als motivierter und zielgerichteter als diejenigen, die keine sinnvolle Auszeit genommen haben.<\/em><\/p><p><b><span style=\"color: #7eb8b2;\">10. EMOTIONALE INTELLIGENZ<br \/><\/span><\/b><em>Ist wesentlich f\u00fcr ein ausgewogenes Leben und entwickelt sich besser durch aktive Leistungen und durch Kennenlernen von anderen Kulturen.<\/em><\/p>\t\t\t\t\t<\/div>\n\t\t\t\t\t\t<\/div>\n\t\t\t\t<\/div>\n\t\t\t\t\t\t<\/div>\n\t\t\t\t\t<\/div>\n\t\t<\/div>\n\t\t\t\t\t\t\t\t<\/div>\n\t\t\t\t\t<\/div>\n\t\t<\/section>\n\t\t\t\t<section class=\"elementor-section elementor-top-section elementor-element elementor-element-86b8834 elementor-section-boxed elementor-section-height-default elementor-section-height-default\" data-id=\"86b8834\" data-element_type=\"section\">\n\t\t\t\t\t\t<div class=\"elementor-container elementor-column-gap-default\">\n\t\t\t\t\t\t\t<div class=\"elementor-row\">\n\t\t\t\t\t<div class=\"elementor-column elementor-col-100 elementor-top-column elementor-element elementor-element-b9a7c61\" data-id=\"b9a7c61\" data-element_type=\"column\">\n\t\t\t<div class=\"elementor-column-wrap elementor-element-populated\">\n\t\t\t\t\t\t\t<div class=\"elementor-widget-wrap\">\n\t\t\t\t\t\t<div class=\"elementor-element elementor-element-26d3ba3 elementor-widget elementor-widget-image\" data-id=\"26d3ba3\" data-element_type=\"widget\" data-widget_type=\"image.default\">\n\t\t\t\t<div class=\"elementor-widget-container\">\n\t\t\t\t\t\t\t\t<div class=\"elementor-image\">\n\t\t\t\t\t\t\t\t\t\t\t\t<img decoding=\"async\" width=\"150\" height=\"150\" src=\"https:\/\/explorientation.com\/de\/wp-content\/uploads\/sites\/4\/2016\/06\/sabbatical-150x150.jpg\" class=\"attachment-thumbnail size-thumbnail\" alt=\"\" loading=\"lazy\" srcset=\"https:\/\/explorientation.com\/de\/wp-content\/uploads\/sites\/4\/2016\/06\/sabbatical-150x150.jpg 150w, https:\/\/explorientation.com\/de\/wp-content\/uploads\/sites\/4\/2016\/06\/sabbatical-100x100.jpg 100w, https:\/\/explorientation.com\/de\/wp-content\/uploads\/sites\/4\/2016\/06\/sabbatical-200x200.jpg 200w, https:\/\/explorientation.com\/de\/wp-content\/uploads\/sites\/4\/2016\/06\/sabbatical.jpg 256w\" sizes=\"(max-width: 150px) 100vw, 150px\" \/>\t\t\t\t\t\t\t\t\t\t\t\t\t\t<\/div>\n\t\t\t\t\t\t<\/div>\n\t\t\t\t<\/div>\n\t\t\t\t\t\t<\/div>\n\t\t\t\t\t<\/div>\n\t\t<\/div>\n\t\t\t\t\t\t\t\t<\/div>\n\t\t\t\t\t<\/div>\n\t\t<\/section>\n\t\t\t\t\t\t<\/div>\n\t\t\t\t\t\t<\/div>\n\t\t\t\t\t<\/div>\n\t\t","protected":false},"excerpt":{"rendered":"<p>10 gute gr\u00fcnde 1. LERNE MEHR \u00dcBER DICH SELBSTEine andere Umgebung wird Dir neue Perspektiven geben und Deine unterschiedlichen Talente f\u00f6rdern. 2. TAKE YOUR DESTINY INTO YOUR OWN HANDSNach Jahren auf der Schulbank bekommst Du nun ein auf Dich pers\u00f6nlich zugeschnittenes EXPLO, das den Anforderungen und Erfahrungsbereichen angepasst ist, die<\/p>\n","protected":false},"author":1,"featured_media":0,"parent":37,"menu_order":3,"comment_status":"closed","ping_status":"closed","template":"","meta":[],"yoast_head":"<!-- This site is optimized with the Yoast SEO plugin v17.4 - https:\/\/yoast.com\/wordpress\/plugins\/seo\/ -->\n<title>10 Gute Gr\u00fcnde -<\/title>\n<meta name=\"robots\" content=\"index, follow, max-snippet:-1, max-image-preview:large, max-video-preview:-1\" \/>\n<link rel=\"canonical\" href=\"https:\/\/explorientation.com\/de\/explo-orientation\/10-gute-gruende\/\" \/>\n<meta property=\"og:locale\" content=\"de_DE\" \/>\n<meta property=\"og:type\" content=\"article\" \/>\n<meta property=\"og:title\" content=\"10 Gute Gr\u00fcnde -\" \/>\n<meta property=\"og:description\" content=\"10 gute gr\u00fcnde 1. LERNE MEHR \u00dcBER DICH SELBSTEine andere Umgebung wird Dir neue Perspektiven geben und Deine unterschiedlichen Talente f\u00f6rdern. 2. TAKE YOUR DESTINY INTO YOUR OWN HANDSNach Jahren auf der Schulbank bekommst Du nun ein auf Dich pers\u00f6nlich zugeschnittenes EXPLO, das den Anforderungen und Erfahrungsbereichen angepasst ist, die\" \/>\n<meta property=\"og:url\" content=\"https:\/\/explorientation.com\/de\/explo-orientation\/10-gute-gruende\/\" \/>\n<meta property=\"article:modified_time\" content=\"2020-11-16T17:44:08+00:00\" \/>\n<meta property=\"og:image\" content=\"https:\/\/explorientation.com\/wp-content\/uploads\/2014\/05\/Sketch-Final-web-e1400927382523.jpg\" \/>\n<meta name=\"twitter:card\" content=\"summary_large_image\" \/>\n<meta name=\"twitter:label1\" content=\"Gesch\u00e4tzte Lesezeit\" \/>\n\t<meta name=\"twitter:data1\" content=\"1\u00a0Minute\" \/>\n<script type=\"application\/ld+json\" class=\"yoast-schema-graph\">{\"@context\":\"https:\/\/schema.org\",\"@graph\":[{\"@type\":\"WebSite\",\"@id\":\"https:\/\/explorientation.com\/de\/#website\",\"url\":\"https:\/\/explorientation.com\/de\/\",\"name\":\"\",\"description\":\"\",\"potentialAction\":[{\"@type\":\"SearchAction\",\"target\":{\"@type\":\"EntryPoint\",\"urlTemplate\":\"https:\/\/explorientation.com\/de\/?s={search_term_string}\"},\"query-input\":\"required name=search_term_string\"}],\"inLanguage\":\"de\"},{\"@type\":\"ImageObject\",\"@id\":\"https:\/\/explorientation.com\/de\/explo-orientation\/10-gute-gruende\/#primaryimage\",\"inLanguage\":\"de\",\"url\":\"https:\/\/explorientation.com\/wp-content\/uploads\/2014\/05\/Sketch-Final-web-e1400927382523.jpg\",\"contentUrl\":\"https:\/\/explorientation.com\/wp-content\/uploads\/2014\/05\/Sketch-Final-web-e1400927382523.jpg\"},{\"@type\":\"WebPage\",\"@id\":\"https:\/\/explorientation.com\/de\/explo-orientation\/10-gute-gruende\/#webpage\",\"url\":\"https:\/\/explorientation.com\/de\/explo-orientation\/10-gute-gruende\/\",\"name\":\"10 Gute Gr\\u00fcnde -\",\"isPartOf\":{\"@id\":\"https:\/\/explorientation.com\/de\/#website\"},\"primaryImageOfPage\":{\"@id\":\"https:\/\/explorientation.com\/de\/explo-orientation\/10-gute-gruende\/#primaryimage\"},\"datePublished\":\"2015-01-25T21:11:59+00:00\",\"dateModified\":\"2020-11-16T17:44:08+00:00\",\"breadcrumb\":{\"@id\":\"https:\/\/explorientation.com\/de\/explo-orientation\/10-gute-gruende\/#breadcrumb\"},\"inLanguage\":\"de\",\"potentialAction\":[{\"@type\":\"ReadAction\",\"target\":[\"https:\/\/explorientation.com\/de\/explo-orientation\/10-gute-gruende\/\"]}]},{\"@type\":\"BreadcrumbList\",\"@id\":\"https:\/\/explorientation.com\/de\/explo-orientation\/10-gute-gruende\/#breadcrumb\",\"itemListElement\":[{\"@type\":\"ListItem\",\"position\":1,\"name\":\"Home\",\"item\":\"https:\/\/explorientation.com\/de\/\"},{\"@type\":\"ListItem\",\"position\":2,\"name\":\"EXPLO Sch\\u00fcler\",\"item\":\"https:\/\/explorientation.com\/de\/explo-orientation\/\"},{\"@type\":\"ListItem\",\"position\":3,\"name\":\"10 Gute Gr\\u00fcnde\"}]}]}<\/script>\n<!-- \/ Yoast SEO plugin. -->","yoast_head_json":{"title":"10 Gute Gr\u00fcnde -","robots":{"index":"index","follow":"follow","max-snippet":"max-snippet:-1","max-image-preview":"max-image-preview:large","max-video-preview":"max-video-preview:-1"},"canonical":"https:\/\/explorientation.com\/de\/explo-orientation\/10-gute-gruende\/","og_locale":"de_DE","og_type":"article","og_title":"10 Gute Gr\u00fcnde -","og_description":"10 gute gr\u00fcnde 1. LERNE MEHR \u00dcBER DICH SELBSTEine andere Umgebung wird Dir neue Perspektiven geben und Deine unterschiedlichen Talente f\u00f6rdern. 2. TAKE YOUR DESTINY INTO YOUR OWN HANDSNach Jahren auf der Schulbank bekommst Du nun ein auf Dich pers\u00f6nlich zugeschnittenes EXPLO, das den Anforderungen und Erfahrungsbereichen angepasst ist, die","og_url":"https:\/\/explorientation.com\/de\/explo-orientation\/10-gute-gruende\/","article_modified_time":"2020-11-16T17:44:08+00:00","og_image":[{"url":"https:\/\/explorientation.com\/wp-content\/uploads\/2014\/05\/Sketch-Final-web-e1400927382523.jpg"}],"twitter_card":"summary_large_image","twitter_misc":{"Gesch\u00e4tzte Lesezeit":"1\u00a0Minute"},"schema":{"@context":"https:\/\/schema.org","@graph":[{"@type":"WebSite","@id":"https:\/\/explorientation.com\/de\/#website","url":"https:\/\/explorientation.com\/de\/","name":"","description":"","potentialAction":[{"@type":"SearchAction","target":{"@type":"EntryPoint","urlTemplate":"https:\/\/explorientation.com\/de\/?s={search_term_string}"},"query-input":"required name=search_term_string"}],"inLanguage":"de"},{"@type":"ImageObject","@id":"https:\/\/explorientation.com\/de\/explo-orientation\/10-gute-gruende\/#primaryimage","inLanguage":"de","url":"https:\/\/explorientation.com\/wp-content\/uploads\/2014\/05\/Sketch-Final-web-e1400927382523.jpg","contentUrl":"https:\/\/explorientation.com\/wp-content\/uploads\/2014\/05\/Sketch-Final-web-e1400927382523.jpg"},{"@type":"WebPage","@id":"https:\/\/explorientation.com\/de\/explo-orientation\/10-gute-gruende\/#webpage","url":"https:\/\/explorientation.com\/de\/explo-orientation\/10-gute-gruende\/","name":"10 Gute Gr\u00fcnde -","isPartOf":{"@id":"https:\/\/explorientation.com\/de\/#website"},"primaryImageOfPage":{"@id":"https:\/\/explorientation.com\/de\/explo-orientation\/10-gute-gruende\/#primaryimage"},"datePublished":"2015-01-25T21:11:59+00:00","dateModified":"2020-11-16T17:44:08+00:00","breadcrumb":{"@id":"https:\/\/explorientation.com\/de\/explo-orientation\/10-gute-gruende\/#breadcrumb"},"inLanguage":"de","potentialAction":[{"@type":"ReadAction","target":["https:\/\/explorientation.com\/de\/explo-orientation\/10-gute-gruende\/"]}]},{"@type":"BreadcrumbList","@id":"https:\/\/explorientation.com\/de\/explo-orientation\/10-gute-gruende\/#breadcrumb","itemListElement":[{"@type":"ListItem","position":1,"name":"Home","item":"https:\/\/explorientation.com\/de\/"},{"@type":"ListItem","position":2,"name":"EXPLO Sch\u00fcler","item":"https:\/\/explorientation.com\/de\/explo-orientation\/"},{"@type":"ListItem","position":3,"name":"10 Gute Gr\u00fcnde"}]}]}},"blog_post_layout_featured_media_urls":{"thumbnail":"","full":""},"categories_names":null,"comments_number":"0","_links":{"self":[{"href":"https:\/\/explorientation.com\/de\/wp-json\/wp\/v2\/pages\/19"}],"collection":[{"href":"https:\/\/explorientation.com\/de\/wp-json\/wp\/v2\/pages"}],"about":[{"href":"https:\/\/explorientation.com\/de\/wp-json\/wp\/v2\/types\/page"}],"author":[{"embeddable":true,"href":"https:\/\/explorientation.com\/de\/wp-json\/wp\/v2\/users\/1"}],"replies":[{"embeddable":true,"href":"https:\/\/explorientation.com\/de\/wp-json\/wp\/v2\/comments?post=19"}],"version-history":[{"count":16,"href":"https:\/\/explorientation.com\/de\/wp-json\/wp\/v2\/pages\/19\/revisions"}],"predecessor-version":[{"id":857,"href":"https:\/\/explorientation.com\/de\/wp-json\/wp\/v2\/pages\/19\/revisions\/857"}],"up":[{"embeddable":true,"href":"https:\/\/explorientation.com\/de\/wp-json\/wp\/v2\/pages\/37"}],"wp:attachment":[{"href":"https:\/\/explorientation.com\/de\/wp-json\/wp\/v2\/media?parent=19"}],"curies":[{"name":"wp","href":"https:\/\/api.w.org\/{rel}","templated":true}]}}