{"id":356,"date":"2016-07-07T14:13:41","date_gmt":"2016-07-07T14:13:41","guid":{"rendered":"http:\/\/explorientation.com\/de\/?page_id=356"},"modified":"2020-11-13T14:45:10","modified_gmt":"2020-11-13T14:45:10","slug":"10-reasons-to-explo","status":"publish","type":"page","link":"https:\/\/explorientation.com\/de\/explo-orientation\/10-reasons-to-explo\/","title":{"rendered":"10 Gr\u00fcnde f\u00fcr Eltern loszulassen"},"content":{"rendered":"\t\t<div data-elementor-type=\"wp-page\" data-elementor-id=\"356\" class=\"elementor elementor-356\" data-elementor-settings=\"[]\">\n\t\t\t\t\t\t<div class=\"elementor-inner\">\n\t\t\t\t\t\t\t<div class=\"elementor-section-wrap\">\n\t\t\t\t\t\t\t<section class=\"elementor-section elementor-top-section elementor-element elementor-element-42da0f3 elementor-section-boxed elementor-section-height-default elementor-section-height-default\" data-id=\"42da0f3\" data-element_type=\"section\" data-settings=\"{&quot;background_background&quot;:&quot;classic&quot;}\">\n\t\t\t\t\t\t<div class=\"elementor-container elementor-column-gap-default\">\n\t\t\t\t\t\t\t<div class=\"elementor-row\">\n\t\t\t\t\t<div class=\"elementor-column elementor-col-100 elementor-top-column elementor-element elementor-element-55c41f4\" data-id=\"55c41f4\" data-element_type=\"column\">\n\t\t\t<div class=\"elementor-column-wrap elementor-element-populated\">\n\t\t\t\t\t\t\t<div class=\"elementor-widget-wrap\">\n\t\t\t\t\t\t<div class=\"elementor-element elementor-element-9e28991 elementor-widget elementor-widget-image\" data-id=\"9e28991\" data-element_type=\"widget\" data-widget_type=\"image.default\">\n\t\t\t\t<div class=\"elementor-widget-container\">\n\t\t\t\t\t\t\t\t<div class=\"elementor-image\">\n\t\t\t\t\t\t\t\t\t\t\t\t<img decoding=\"async\" src=\"https:\/\/explorientation.com\/de\/wp-content\/uploads\/sites\/4\/elementor\/thumbs\/Globus-oycphrllxmz1ebk8hrshrk0d2p51lj6yb8en3q0wce.png\" title=\"Globus\" alt=\"Globus\" \/>\t\t\t\t\t\t\t\t\t\t\t\t\t\t<\/div>\n\t\t\t\t\t\t<\/div>\n\t\t\t\t<\/div>\n\t\t\t\t<div class=\"elementor-element elementor-element-c011f41 elementor-widget elementor-widget-heading\" data-id=\"c011f41\" data-element_type=\"widget\" data-widget_type=\"heading.default\">\n\t\t\t\t<div class=\"elementor-widget-container\">\n\t\t\t<h1 class=\"elementor-heading-title elementor-size-default\">10 Gr\u00fcnde f\u00fcr Eltern loszulassen<\/h1>\t\t<\/div>\n\t\t\t\t<\/div>\n\t\t\t\t<div class=\"elementor-element elementor-element-9a52238 elementor-widget elementor-widget-text-editor\" data-id=\"9a52238\" data-element_type=\"widget\" data-widget_type=\"text-editor.default\">\n\t\t\t\t<div class=\"elementor-widget-container\">\n\t\t\t\t\t\t\t\t<div class=\"elementor-text-editor elementor-clearfix\">\n\t\t\t\t<p><span style=\"color: #f09f47;\"><b>1. <strong>SINNVOLLE ZIELE ENTWICKELN<br \/><\/strong><\/b><\/span><em>Wenn Ihre Kinder sich die Zeit nehmen, ihre Ziele herauszufinden und genau zu definieren bevor sie die n\u00e4chsten Schritte unternehmen, f\u00fchrt das zu einer gr\u00fcndlichen Selbsterforschung und weiteren Entwicklung.<\/em><\/p><p><b><span style=\"color: #f09f47;\">2. VERANT<strong>WORTLICHES HANDELN<br \/><\/strong><\/span><\/b><em>F\u00fcr viele zum ersten Mal in der ersten langen Trennung von ihrer Familie.<\/em><\/p><p><span style=\"color: #f09f47;\"><b>3. <strong>ZEIT EINTEILEN<br \/><\/strong><\/b><\/span><em>Der gesamte Prozess der Explorientation muss von jedem selbst organisiert werden; das ist eine eigene Lernerfahrung.<\/em><\/p><p><b><span style=\"color: #f09f47;\">4. <strong>ERH\u00d6HTES SELBSTVERTRAUEN<br \/><\/strong><\/span><\/b><em>Eine EXPLO st\u00e4rkt den Willen, etwas zu erreichen. Das wiederum wird von Bewerbungsstellen weltweit erkannt und gef\u00f6rdert.<\/em><\/p><p><b><span style=\"color: #f09f47;\">5. <strong>WACHSTUMSCHANCEN<br \/><\/strong><\/span><\/b><em>Die Jugendlichen sind in einer Phase ihres Lebens, in dem sie extrem offen f\u00fcr neue Erfahrungen sind, bevor sie ihren n\u00e4chsten Schritt tun. Sie haben das Fundament gelegt; nun k\u00f6nnen andere darauf aufbauen.<\/em><\/p><p><b><span style=\"color: #f09f47;\">6. VERBESSERUNG DES LEBENSLAUFES<br \/><\/span><\/b><em>Setze Dich positiv von der Konkurrenz ab.<\/em><\/p><p><b><span style=\"color: #f09f47;\">7. BEWERBUNGEN<br \/><\/span><\/b><em>Sehen Sie sie in einem positiven Licht, reifer und zielgerichteter.<\/em><\/p><p><b><span style=\"color: #f09f47;\">8. FREMDSPRACHEN<br \/><\/span><\/b><em>Die Chance, dass Ihr Kind eine oder mehrere Sprachen in einem nat\u00fcrlichen Umfeld und umgeben von Muttersprachlern lernt.<\/em><\/p><p><b><span style=\"color: #f09f47;\">9. EINE ZEITL\u00dcCKE GUT F\u00dcLLEN<br \/><\/span><\/b><em>Manchmal ist die gew\u00e4hlte Ausbildung nicht sofort zu erhalten.<\/em><\/p><p><span style=\"color: #f09f47;\"><b>10. F\u00c4HIGKEITEN F\u00dcRS LEBEN<br \/><\/b><\/span><em>Zum Beispiel unabh\u00e4ngiges Lernen, das L\u00f6sen von Problemen, Selbstgen\u00fcgsamkeit\/Selbstbeschr\u00e4nkung, Internationalismus und die Bew\u00e4ltigung unbekannter Situationen sind schon f\u00fcr sich allein unsch\u00e4tzbar f\u00fcr das Selbstvertrauen und das Heranreifen Ihres Kindes.<\/em><\/p>\t\t\t\t\t<\/div>\n\t\t\t\t\t\t<\/div>\n\t\t\t\t<\/div>\n\t\t\t\t\t\t<\/div>\n\t\t\t\t\t<\/div>\n\t\t<\/div>\n\t\t\t\t\t\t\t\t<\/div>\n\t\t\t\t\t<\/div>\n\t\t<\/section>\n\t\t\t\t<section class=\"elementor-section elementor-top-section elementor-element elementor-element-d8bf5f9 elementor-section-boxed elementor-section-height-default elementor-section-height-default\" data-id=\"d8bf5f9\" data-element_type=\"section\">\n\t\t\t\t\t\t<div class=\"elementor-container elementor-column-gap-default\">\n\t\t\t\t\t\t\t<div class=\"elementor-row\">\n\t\t\t\t\t<div class=\"elementor-column elementor-col-100 elementor-top-column elementor-element elementor-element-7f3b2d8\" data-id=\"7f3b2d8\" data-element_type=\"column\">\n\t\t\t<div class=\"elementor-column-wrap elementor-element-populated\">\n\t\t\t\t\t\t\t<div class=\"elementor-widget-wrap\">\n\t\t\t\t\t\t<div class=\"elementor-element elementor-element-ce0d4ed elementor-widget elementor-widget-image\" data-id=\"ce0d4ed\" data-element_type=\"widget\" data-widget_type=\"image.default\">\n\t\t\t\t<div class=\"elementor-widget-container\">\n\t\t\t\t\t\t\t\t<div class=\"elementor-image\">\n\t\t\t\t\t\t\t\t\t\t\t\t<img decoding=\"async\" width=\"150\" height=\"150\" src=\"https:\/\/explorientation.com\/de\/wp-content\/uploads\/sites\/4\/2016\/06\/sabbatical-150x150.jpg\" class=\"attachment-thumbnail size-thumbnail\" alt=\"\" loading=\"lazy\" srcset=\"https:\/\/explorientation.com\/de\/wp-content\/uploads\/sites\/4\/2016\/06\/sabbatical-150x150.jpg 150w, https:\/\/explorientation.com\/de\/wp-content\/uploads\/sites\/4\/2016\/06\/sabbatical-100x100.jpg 100w, https:\/\/explorientation.com\/de\/wp-content\/uploads\/sites\/4\/2016\/06\/sabbatical-200x200.jpg 200w, https:\/\/explorientation.com\/de\/wp-content\/uploads\/sites\/4\/2016\/06\/sabbatical.jpg 256w\" sizes=\"(max-width: 150px) 100vw, 150px\" \/>\t\t\t\t\t\t\t\t\t\t\t\t\t\t<\/div>\n\t\t\t\t\t\t<\/div>\n\t\t\t\t<\/div>\n\t\t\t\t\t\t<\/div>\n\t\t\t\t\t<\/div>\n\t\t<\/div>\n\t\t\t\t\t\t\t\t<\/div>\n\t\t\t\t\t<\/div>\n\t\t<\/section>\n\t\t\t\t\t\t<\/div>\n\t\t\t\t\t\t<\/div>\n\t\t\t\t\t<\/div>\n\t\t","protected":false},"excerpt":{"rendered":"<p>10 Gr\u00fcnde f\u00fcr Eltern loszulassen 1. SINNVOLLE ZIELE ENTWICKELNWenn Ihre Kinder sich die Zeit nehmen, ihre Ziele herauszufinden und genau zu definieren bevor sie die n\u00e4chsten Schritte unternehmen, f\u00fchrt das zu einer gr\u00fcndlichen Selbsterforschung und weiteren Entwicklung. 2. VERANTWORTLICHES HANDELNF\u00fcr viele zum ersten Mal in der ersten langen Trennung von<\/p>\n","protected":false},"author":1,"featured_media":0,"parent":37,"menu_order":0,"comment_status":"closed","ping_status":"closed","template":"","meta":[],"yoast_head":"<!-- This site is optimized with the Yoast SEO plugin v17.4 - https:\/\/yoast.com\/wordpress\/plugins\/seo\/ -->\n<title>10 Gr\u00fcnde f\u00fcr Eltern loszulassen -<\/title>\n<meta name=\"robots\" content=\"index, follow, max-snippet:-1, max-image-preview:large, max-video-preview:-1\" \/>\n<link rel=\"canonical\" href=\"https:\/\/explorientation.com\/de\/explo-orientation\/10-reasons-to-explo\/\" \/>\n<meta property=\"og:locale\" content=\"de_DE\" \/>\n<meta property=\"og:type\" content=\"article\" \/>\n<meta property=\"og:title\" content=\"10 Gr\u00fcnde f\u00fcr Eltern loszulassen -\" \/>\n<meta property=\"og:description\" content=\"10 Gr\u00fcnde f\u00fcr Eltern loszulassen 1. SINNVOLLE ZIELE ENTWICKELNWenn Ihre Kinder sich die Zeit nehmen, ihre Ziele herauszufinden und genau zu definieren bevor sie die n\u00e4chsten Schritte unternehmen, f\u00fchrt das zu einer gr\u00fcndlichen Selbsterforschung und weiteren Entwicklung. 2. VERANTWORTLICHES HANDELNF\u00fcr viele zum ersten Mal in der ersten langen Trennung von\" \/>\n<meta property=\"og:url\" content=\"https:\/\/explorientation.com\/de\/explo-orientation\/10-reasons-to-explo\/\" \/>\n<meta property=\"article:modified_time\" content=\"2020-11-13T14:45:10+00:00\" \/>\n<meta property=\"og:image\" content=\"https:\/\/explorientation.com\/de\/wp-content\/uploads\/sites\/4\/elementor\/thumbs\/Globus-oycphrllxmz1ebk8hrshrk0d2p51lj6yb8en3q0wce.png\" \/>\n<meta name=\"twitter:card\" content=\"summary_large_image\" \/>\n<meta name=\"twitter:label1\" content=\"Gesch\u00e4tzte Lesezeit\" \/>\n\t<meta name=\"twitter:data1\" content=\"1\u00a0Minute\" \/>\n<script type=\"application\/ld+json\" class=\"yoast-schema-graph\">{\"@context\":\"https:\/\/schema.org\",\"@graph\":[{\"@type\":\"WebSite\",\"@id\":\"https:\/\/explorientation.com\/de\/#website\",\"url\":\"https:\/\/explorientation.com\/de\/\",\"name\":\"\",\"description\":\"\",\"potentialAction\":[{\"@type\":\"SearchAction\",\"target\":{\"@type\":\"EntryPoint\",\"urlTemplate\":\"https:\/\/explorientation.com\/de\/?s={search_term_string}\"},\"query-input\":\"required name=search_term_string\"}],\"inLanguage\":\"de\"},{\"@type\":\"ImageObject\",\"@id\":\"https:\/\/explorientation.com\/de\/explo-orientation\/10-reasons-to-explo\/#primaryimage\",\"inLanguage\":\"de\",\"url\":\"https:\/\/explorientation.com\/de\/wp-content\/uploads\/sites\/4\/elementor\/thumbs\/Globus-oycphrllxmz1ebk8hrshrk0d2p51lj6yb8en3q0wce.png\",\"contentUrl\":\"https:\/\/explorientation.com\/de\/wp-content\/uploads\/sites\/4\/elementor\/thumbs\/Globus-oycphrllxmz1ebk8hrshrk0d2p51lj6yb8en3q0wce.png\"},{\"@type\":\"WebPage\",\"@id\":\"https:\/\/explorientation.com\/de\/explo-orientation\/10-reasons-to-explo\/#webpage\",\"url\":\"https:\/\/explorientation.com\/de\/explo-orientation\/10-reasons-to-explo\/\",\"name\":\"10 Gr\\u00fcnde f\\u00fcr Eltern loszulassen -\",\"isPartOf\":{\"@id\":\"https:\/\/explorientation.com\/de\/#website\"},\"primaryImageOfPage\":{\"@id\":\"https:\/\/explorientation.com\/de\/explo-orientation\/10-reasons-to-explo\/#primaryimage\"},\"datePublished\":\"2016-07-07T14:13:41+00:00\",\"dateModified\":\"2020-11-13T14:45:10+00:00\",\"breadcrumb\":{\"@id\":\"https:\/\/explorientation.com\/de\/explo-orientation\/10-reasons-to-explo\/#breadcrumb\"},\"inLanguage\":\"de\",\"potentialAction\":[{\"@type\":\"ReadAction\",\"target\":[\"https:\/\/explorientation.com\/de\/explo-orientation\/10-reasons-to-explo\/\"]}]},{\"@type\":\"BreadcrumbList\",\"@id\":\"https:\/\/explorientation.com\/de\/explo-orientation\/10-reasons-to-explo\/#breadcrumb\",\"itemListElement\":[{\"@type\":\"ListItem\",\"position\":1,\"name\":\"Home\",\"item\":\"https:\/\/explorientation.com\/de\/\"},{\"@type\":\"ListItem\",\"position\":2,\"name\":\"EXPLO Sch\\u00fcler\",\"item\":\"https:\/\/explorientation.com\/de\/explo-orientation\/\"},{\"@type\":\"ListItem\",\"position\":3,\"name\":\"10 Gr\\u00fcnde f\\u00fcr Eltern loszulassen\"}]}]}<\/script>\n<!-- \/ Yoast SEO plugin. -->","yoast_head_json":{"title":"10 Gr\u00fcnde f\u00fcr Eltern loszulassen -","robots":{"index":"index","follow":"follow","max-snippet":"max-snippet:-1","max-image-preview":"max-image-preview:large","max-video-preview":"max-video-preview:-1"},"canonical":"https:\/\/explorientation.com\/de\/explo-orientation\/10-reasons-to-explo\/","og_locale":"de_DE","og_type":"article","og_title":"10 Gr\u00fcnde f\u00fcr Eltern loszulassen -","og_description":"10 Gr\u00fcnde f\u00fcr Eltern loszulassen 1. SINNVOLLE ZIELE ENTWICKELNWenn Ihre Kinder sich die Zeit nehmen, ihre Ziele herauszufinden und genau zu definieren bevor sie die n\u00e4chsten Schritte unternehmen, f\u00fchrt das zu einer gr\u00fcndlichen Selbsterforschung und weiteren Entwicklung. 2. VERANTWORTLICHES HANDELNF\u00fcr viele zum ersten Mal in der ersten langen Trennung von","og_url":"https:\/\/explorientation.com\/de\/explo-orientation\/10-reasons-to-explo\/","article_modified_time":"2020-11-13T14:45:10+00:00","og_image":[{"url":"https:\/\/explorientation.com\/de\/wp-content\/uploads\/sites\/4\/elementor\/thumbs\/Globus-oycphrllxmz1ebk8hrshrk0d2p51lj6yb8en3q0wce.png"}],"twitter_card":"summary_large_image","twitter_misc":{"Gesch\u00e4tzte Lesezeit":"1\u00a0Minute"},"schema":{"@context":"https:\/\/schema.org","@graph":[{"@type":"WebSite","@id":"https:\/\/explorientation.com\/de\/#website","url":"https:\/\/explorientation.com\/de\/","name":"","description":"","potentialAction":[{"@type":"SearchAction","target":{"@type":"EntryPoint","urlTemplate":"https:\/\/explorientation.com\/de\/?s={search_term_string}"},"query-input":"required name=search_term_string"}],"inLanguage":"de"},{"@type":"ImageObject","@id":"https:\/\/explorientation.com\/de\/explo-orientation\/10-reasons-to-explo\/#primaryimage","inLanguage":"de","url":"https:\/\/explorientation.com\/de\/wp-content\/uploads\/sites\/4\/elementor\/thumbs\/Globus-oycphrllxmz1ebk8hrshrk0d2p51lj6yb8en3q0wce.png","contentUrl":"https:\/\/explorientation.com\/de\/wp-content\/uploads\/sites\/4\/elementor\/thumbs\/Globus-oycphrllxmz1ebk8hrshrk0d2p51lj6yb8en3q0wce.png"},{"@type":"WebPage","@id":"https:\/\/explorientation.com\/de\/explo-orientation\/10-reasons-to-explo\/#webpage","url":"https:\/\/explorientation.com\/de\/explo-orientation\/10-reasons-to-explo\/","name":"10 Gr\u00fcnde f\u00fcr Eltern loszulassen -","isPartOf":{"@id":"https:\/\/explorientation.com\/de\/#website"},"primaryImageOfPage":{"@id":"https:\/\/explorientation.com\/de\/explo-orientation\/10-reasons-to-explo\/#primaryimage"},"datePublished":"2016-07-07T14:13:41+00:00","dateModified":"2020-11-13T14:45:10+00:00","breadcrumb":{"@id":"https:\/\/explorientation.com\/de\/explo-orientation\/10-reasons-to-explo\/#breadcrumb"},"inLanguage":"de","potentialAction":[{"@type":"ReadAction","target":["https:\/\/explorientation.com\/de\/explo-orientation\/10-reasons-to-explo\/"]}]},{"@type":"BreadcrumbList","@id":"https:\/\/explorientation.com\/de\/explo-orientation\/10-reasons-to-explo\/#breadcrumb","itemListElement":[{"@type":"ListItem","position":1,"name":"Home","item":"https:\/\/explorientation.com\/de\/"},{"@type":"ListItem","position":2,"name":"EXPLO Sch\u00fcler","item":"https:\/\/explorientation.com\/de\/explo-orientation\/"},{"@type":"ListItem","position":3,"name":"10 Gr\u00fcnde f\u00fcr Eltern loszulassen"}]}]}},"blog_post_layout_featured_media_urls":{"thumbnail":"","full":""},"categories_names":null,"comments_number":"0","_links":{"self":[{"href":"https:\/\/explorientation.com\/de\/wp-json\/wp\/v2\/pages\/356"}],"collection":[{"href":"https:\/\/explorientation.com\/de\/wp-json\/wp\/v2\/pages"}],"about":[{"href":"https:\/\/explorientation.com\/de\/wp-json\/wp\/v2\/types\/page"}],"author":[{"embeddable":true,"href":"https:\/\/explorientation.com\/de\/wp-json\/wp\/v2\/users\/1"}],"replies":[{"embeddable":true,"href":"https:\/\/explorientation.com\/de\/wp-json\/wp\/v2\/comments?post=356"}],"version-history":[{"count":14,"href":"https:\/\/explorientation.com\/de\/wp-json\/wp\/v2\/pages\/356\/revisions"}],"predecessor-version":[{"id":844,"href":"https:\/\/explorientation.com\/de\/wp-json\/wp\/v2\/pages\/356\/revisions\/844"}],"up":[{"embeddable":true,"href":"https:\/\/explorientation.com\/de\/wp-json\/wp\/v2\/pages\/37"}],"wp:attachment":[{"href":"https:\/\/explorientation.com\/de\/wp-json\/wp\/v2\/media?parent=356"}],"curies":[{"name":"wp","href":"https:\/\/api.w.org\/{rel}","templated":true}]}}