{"id":359,"date":"2016-07-07T14:15:01","date_gmt":"2016-07-07T14:15:01","guid":{"rendered":"http:\/\/explorientation.com\/de\/?page_id=359"},"modified":"2020-11-13T12:53:04","modified_gmt":"2020-11-13T12:53:04","slug":"explo-international-services","status":"publish","type":"page","link":"https:\/\/explorientation.com\/de\/explo-orientation\/explo-international-services\/","title":{"rendered":"EXPLO International Services"},"content":{"rendered":"\t\t<div data-elementor-type=\"wp-page\" data-elementor-id=\"359\" class=\"elementor elementor-359\" data-elementor-settings=\"[]\">\n\t\t\t\t\t\t<div class=\"elementor-inner\">\n\t\t\t\t\t\t\t<div class=\"elementor-section-wrap\">\n\t\t\t\t\t\t\t<section class=\"elementor-section elementor-top-section elementor-element elementor-element-3c7b354 elementor-section-height-min-height elementor-section-boxed elementor-section-height-default elementor-section-items-middle\" data-id=\"3c7b354\" data-element_type=\"section\" data-settings=\"{&quot;background_background&quot;:&quot;classic&quot;}\">\n\t\t\t\t\t\t\t<div class=\"elementor-background-overlay\"><\/div>\n\t\t\t\t\t\t\t<div class=\"elementor-container elementor-column-gap-default\">\n\t\t\t\t\t\t\t<div class=\"elementor-row\">\n\t\t\t\t\t<div class=\"elementor-column elementor-col-100 elementor-top-column elementor-element elementor-element-be1fb16\" data-id=\"be1fb16\" data-element_type=\"column\">\n\t\t\t<div class=\"elementor-column-wrap\">\n\t\t\t\t\t\t\t<div class=\"elementor-widget-wrap\">\n\t\t\t\t\t\t\t\t<\/div>\n\t\t\t\t\t<\/div>\n\t\t<\/div>\n\t\t\t\t\t\t\t\t<\/div>\n\t\t\t\t\t<\/div>\n\t\t<\/section>\n\t\t\t\t<section class=\"elementor-section elementor-top-section elementor-element elementor-element-5a00f0f elementor-section-boxed elementor-section-height-default elementor-section-height-default\" data-id=\"5a00f0f\" data-element_type=\"section\">\n\t\t\t\t\t\t<div class=\"elementor-container elementor-column-gap-default\">\n\t\t\t\t\t\t\t<div class=\"elementor-row\">\n\t\t\t\t\t<div class=\"elementor-column elementor-col-100 elementor-top-column elementor-element elementor-element-77f23b6\" data-id=\"77f23b6\" data-element_type=\"column\">\n\t\t\t<div class=\"elementor-column-wrap elementor-element-populated\">\n\t\t\t\t\t\t\t<div class=\"elementor-widget-wrap\">\n\t\t\t\t\t\t<div class=\"elementor-element elementor-element-b8c25b2 elementor-widget elementor-widget-heading\" data-id=\"b8c25b2\" data-element_type=\"widget\" data-widget_type=\"heading.default\">\n\t\t\t\t<div class=\"elementor-widget-container\">\n\t\t\t<h1 class=\"elementor-heading-title elementor-size-default\">Weltweites netzwerk<\/h1>\t\t<\/div>\n\t\t\t\t<\/div>\n\t\t\t\t<div class=\"elementor-element elementor-element-e5ffd45 elementor-widget elementor-widget-text-editor\" data-id=\"e5ffd45\" data-element_type=\"widget\" data-widget_type=\"text-editor.default\">\n\t\t\t\t<div class=\"elementor-widget-container\">\n\t\t\t\t\t\t\t\t<div class=\"elementor-text-editor elementor-clearfix\">\n\t\t\t\t<p class=\"p1\"><span class=\"s1\">Explorientation verf\u00fcgt \u00fcber ein weltweites Netzwerk von engagierten Beratern, die uns helfen, einzigartige Projekte f\u00fcr unsere Kunden zu finden. Ihre Kontakte und Insidertipps sind von unsch\u00e4tzbarem Wert und stellen sicher, dass unsere Beratungen ethisch einwandfrei und ma\u00dfgeschneidert sind.<\/span><\/p><p class=\"p1\"><span class=\"s1\">Dar\u00fcber hinaus verf\u00fcgen wir \u00fcber ein Netzwerk von jungen Reisenden, die uns in ihren L\u00e4ndern mit aktuellen Informationen versorgen und uns auf dem Laufenden halten.<\/span><\/p>\t\t\t\t\t<\/div>\n\t\t\t\t\t\t<\/div>\n\t\t\t\t<\/div>\n\t\t\t\t<div class=\"elementor-element elementor-element-05c038b elementor-widget elementor-widget-image\" data-id=\"05c038b\" data-element_type=\"widget\" data-widget_type=\"image.default\">\n\t\t\t\t<div class=\"elementor-widget-container\">\n\t\t\t\t\t\t\t\t<div class=\"elementor-image\">\n\t\t\t\t\t\t\t\t\t\t\t\t<img decoding=\"async\" src=\"https:\/\/explorientation.com\/de\/wp-content\/uploads\/sites\/4\/elementor\/thumbs\/Explore-oycphqnscqcjcb0r6shws7i3dttozlo9ihjkq3tty4.png\" title=\"Explore\" alt=\"Explore\" \/>\t\t\t\t\t\t\t\t\t\t\t\t\t\t<\/div>\n\t\t\t\t\t\t<\/div>\n\t\t\t\t<\/div>\n\t\t\t\t<div class=\"elementor-element elementor-element-28fc6f9 elementor-widget elementor-widget-spacer\" data-id=\"28fc6f9\" data-element_type=\"widget\" data-widget_type=\"spacer.default\">\n\t\t\t\t<div class=\"elementor-widget-container\">\n\t\t\t\t\t<div class=\"elementor-spacer\">\n\t\t\t<div class=\"elementor-spacer-inner\"><\/div>\n\t\t<\/div>\n\t\t\t\t<\/div>\n\t\t\t\t<\/div>\n\t\t\t\t\t\t<\/div>\n\t\t\t\t\t<\/div>\n\t\t<\/div>\n\t\t\t\t\t\t\t\t<\/div>\n\t\t\t\t\t<\/div>\n\t\t<\/section>\n\t\t\t\t\t\t<\/div>\n\t\t\t\t\t\t<\/div>\n\t\t\t\t\t<\/div>\n\t\t","protected":false},"excerpt":{"rendered":"<p>Weltweites netzwerk Explorientation verf\u00fcgt \u00fcber ein weltweites Netzwerk von engagierten Beratern, die uns helfen, einzigartige Projekte f\u00fcr unsere Kunden zu finden. Ihre Kontakte und Insidertipps sind von unsch\u00e4tzbarem Wert und stellen sicher, dass unsere Beratungen ethisch einwandfrei und ma\u00dfgeschneidert sind. Dar\u00fcber hinaus verf\u00fcgen wir \u00fcber ein Netzwerk von jungen Reisenden,<\/p>\n","protected":false},"author":1,"featured_media":0,"parent":37,"menu_order":0,"comment_status":"closed","ping_status":"closed","template":"","meta":[],"yoast_head":"<!-- This site is optimized with the Yoast SEO plugin v17.4 - https:\/\/yoast.com\/wordpress\/plugins\/seo\/ -->\n<title>EXPLO International Services -<\/title>\n<meta name=\"robots\" content=\"index, follow, max-snippet:-1, max-image-preview:large, max-video-preview:-1\" \/>\n<link rel=\"canonical\" href=\"https:\/\/explorientation.com\/de\/explo-orientation\/explo-international-services\/\" \/>\n<meta property=\"og:locale\" content=\"de_DE\" \/>\n<meta property=\"og:type\" content=\"article\" \/>\n<meta property=\"og:title\" content=\"EXPLO International Services -\" \/>\n<meta property=\"og:description\" content=\"Weltweites netzwerk Explorientation verf\u00fcgt \u00fcber ein weltweites Netzwerk von engagierten Beratern, die uns helfen, einzigartige Projekte f\u00fcr unsere Kunden zu finden. Ihre Kontakte und Insidertipps sind von unsch\u00e4tzbarem Wert und stellen sicher, dass unsere Beratungen ethisch einwandfrei und ma\u00dfgeschneidert sind. Dar\u00fcber hinaus verf\u00fcgen wir \u00fcber ein Netzwerk von jungen Reisenden,\" \/>\n<meta property=\"og:url\" content=\"https:\/\/explorientation.com\/de\/explo-orientation\/explo-international-services\/\" \/>\n<meta property=\"article:modified_time\" content=\"2020-11-13T12:53:04+00:00\" \/>\n<meta property=\"og:image\" content=\"https:\/\/explorientation.com\/de\/wp-content\/uploads\/sites\/4\/elementor\/thumbs\/Explore-oycphqnscqcjcb0r6shws7i3dttozlo9ihjkq3tty4.png\" \/>\n<meta name=\"twitter:card\" content=\"summary_large_image\" \/>\n<script type=\"application\/ld+json\" class=\"yoast-schema-graph\">{\"@context\":\"https:\/\/schema.org\",\"@graph\":[{\"@type\":\"WebSite\",\"@id\":\"https:\/\/explorientation.com\/de\/#website\",\"url\":\"https:\/\/explorientation.com\/de\/\",\"name\":\"\",\"description\":\"\",\"potentialAction\":[{\"@type\":\"SearchAction\",\"target\":{\"@type\":\"EntryPoint\",\"urlTemplate\":\"https:\/\/explorientation.com\/de\/?s={search_term_string}\"},\"query-input\":\"required name=search_term_string\"}],\"inLanguage\":\"de\"},{\"@type\":\"ImageObject\",\"@id\":\"https:\/\/explorientation.com\/de\/explo-orientation\/explo-international-services\/#primaryimage\",\"inLanguage\":\"de\",\"url\":\"https:\/\/explorientation.com\/de\/wp-content\/uploads\/sites\/4\/elementor\/thumbs\/Explore-oycphqnscqcjcb0r6shws7i3dttozlo9ihjkq3tty4.png\",\"contentUrl\":\"https:\/\/explorientation.com\/de\/wp-content\/uploads\/sites\/4\/elementor\/thumbs\/Explore-oycphqnscqcjcb0r6shws7i3dttozlo9ihjkq3tty4.png\"},{\"@type\":\"WebPage\",\"@id\":\"https:\/\/explorientation.com\/de\/explo-orientation\/explo-international-services\/#webpage\",\"url\":\"https:\/\/explorientation.com\/de\/explo-orientation\/explo-international-services\/\",\"name\":\"EXPLO International Services -\",\"isPartOf\":{\"@id\":\"https:\/\/explorientation.com\/de\/#website\"},\"primaryImageOfPage\":{\"@id\":\"https:\/\/explorientation.com\/de\/explo-orientation\/explo-international-services\/#primaryimage\"},\"datePublished\":\"2016-07-07T14:15:01+00:00\",\"dateModified\":\"2020-11-13T12:53:04+00:00\",\"breadcrumb\":{\"@id\":\"https:\/\/explorientation.com\/de\/explo-orientation\/explo-international-services\/#breadcrumb\"},\"inLanguage\":\"de\",\"potentialAction\":[{\"@type\":\"ReadAction\",\"target\":[\"https:\/\/explorientation.com\/de\/explo-orientation\/explo-international-services\/\"]}]},{\"@type\":\"BreadcrumbList\",\"@id\":\"https:\/\/explorientation.com\/de\/explo-orientation\/explo-international-services\/#breadcrumb\",\"itemListElement\":[{\"@type\":\"ListItem\",\"position\":1,\"name\":\"Home\",\"item\":\"https:\/\/explorientation.com\/de\/\"},{\"@type\":\"ListItem\",\"position\":2,\"name\":\"EXPLO Sch\\u00fcler\",\"item\":\"https:\/\/explorientation.com\/de\/explo-orientation\/\"},{\"@type\":\"ListItem\",\"position\":3,\"name\":\"EXPLO International Services\"}]}]}<\/script>\n<!-- \/ Yoast SEO plugin. -->","yoast_head_json":{"title":"EXPLO International Services -","robots":{"index":"index","follow":"follow","max-snippet":"max-snippet:-1","max-image-preview":"max-image-preview:large","max-video-preview":"max-video-preview:-1"},"canonical":"https:\/\/explorientation.com\/de\/explo-orientation\/explo-international-services\/","og_locale":"de_DE","og_type":"article","og_title":"EXPLO International Services -","og_description":"Weltweites netzwerk Explorientation verf\u00fcgt \u00fcber ein weltweites Netzwerk von engagierten Beratern, die uns helfen, einzigartige Projekte f\u00fcr unsere Kunden zu finden. Ihre Kontakte und Insidertipps sind von unsch\u00e4tzbarem Wert und stellen sicher, dass unsere Beratungen ethisch einwandfrei und ma\u00dfgeschneidert sind. Dar\u00fcber hinaus verf\u00fcgen wir \u00fcber ein Netzwerk von jungen Reisenden,","og_url":"https:\/\/explorientation.com\/de\/explo-orientation\/explo-international-services\/","article_modified_time":"2020-11-13T12:53:04+00:00","og_image":[{"url":"https:\/\/explorientation.com\/de\/wp-content\/uploads\/sites\/4\/elementor\/thumbs\/Explore-oycphqnscqcjcb0r6shws7i3dttozlo9ihjkq3tty4.png"}],"twitter_card":"summary_large_image","schema":{"@context":"https:\/\/schema.org","@graph":[{"@type":"WebSite","@id":"https:\/\/explorientation.com\/de\/#website","url":"https:\/\/explorientation.com\/de\/","name":"","description":"","potentialAction":[{"@type":"SearchAction","target":{"@type":"EntryPoint","urlTemplate":"https:\/\/explorientation.com\/de\/?s={search_term_string}"},"query-input":"required name=search_term_string"}],"inLanguage":"de"},{"@type":"ImageObject","@id":"https:\/\/explorientation.com\/de\/explo-orientation\/explo-international-services\/#primaryimage","inLanguage":"de","url":"https:\/\/explorientation.com\/de\/wp-content\/uploads\/sites\/4\/elementor\/thumbs\/Explore-oycphqnscqcjcb0r6shws7i3dttozlo9ihjkq3tty4.png","contentUrl":"https:\/\/explorientation.com\/de\/wp-content\/uploads\/sites\/4\/elementor\/thumbs\/Explore-oycphqnscqcjcb0r6shws7i3dttozlo9ihjkq3tty4.png"},{"@type":"WebPage","@id":"https:\/\/explorientation.com\/de\/explo-orientation\/explo-international-services\/#webpage","url":"https:\/\/explorientation.com\/de\/explo-orientation\/explo-international-services\/","name":"EXPLO International Services -","isPartOf":{"@id":"https:\/\/explorientation.com\/de\/#website"},"primaryImageOfPage":{"@id":"https:\/\/explorientation.com\/de\/explo-orientation\/explo-international-services\/#primaryimage"},"datePublished":"2016-07-07T14:15:01+00:00","dateModified":"2020-11-13T12:53:04+00:00","breadcrumb":{"@id":"https:\/\/explorientation.com\/de\/explo-orientation\/explo-international-services\/#breadcrumb"},"inLanguage":"de","potentialAction":[{"@type":"ReadAction","target":["https:\/\/explorientation.com\/de\/explo-orientation\/explo-international-services\/"]}]},{"@type":"BreadcrumbList","@id":"https:\/\/explorientation.com\/de\/explo-orientation\/explo-international-services\/#breadcrumb","itemListElement":[{"@type":"ListItem","position":1,"name":"Home","item":"https:\/\/explorientation.com\/de\/"},{"@type":"ListItem","position":2,"name":"EXPLO Sch\u00fcler","item":"https:\/\/explorientation.com\/de\/explo-orientation\/"},{"@type":"ListItem","position":3,"name":"EXPLO International Services"}]}]}},"blog_post_layout_featured_media_urls":{"thumbnail":"","full":""},"categories_names":null,"comments_number":"0","_links":{"self":[{"href":"https:\/\/explorientation.com\/de\/wp-json\/wp\/v2\/pages\/359"}],"collection":[{"href":"https:\/\/explorientation.com\/de\/wp-json\/wp\/v2\/pages"}],"about":[{"href":"https:\/\/explorientation.com\/de\/wp-json\/wp\/v2\/types\/page"}],"author":[{"embeddable":true,"href":"https:\/\/explorientation.com\/de\/wp-json\/wp\/v2\/users\/1"}],"replies":[{"embeddable":true,"href":"https:\/\/explorientation.com\/de\/wp-json\/wp\/v2\/comments?post=359"}],"version-history":[{"count":6,"href":"https:\/\/explorientation.com\/de\/wp-json\/wp\/v2\/pages\/359\/revisions"}],"predecessor-version":[{"id":802,"href":"https:\/\/explorientation.com\/de\/wp-json\/wp\/v2\/pages\/359\/revisions\/802"}],"up":[{"embeddable":true,"href":"https:\/\/explorientation.com\/de\/wp-json\/wp\/v2\/pages\/37"}],"wp:attachment":[{"href":"https:\/\/explorientation.com\/de\/wp-json\/wp\/v2\/media?parent=359"}],"curies":[{"name":"wp","href":"https:\/\/api.w.org\/{rel}","templated":true}]}}