{"id":361,"date":"2016-07-07T14:15:26","date_gmt":"2016-07-07T14:15:26","guid":{"rendered":"http:\/\/explorientation.com\/de\/?page_id=361"},"modified":"2020-11-16T17:46:20","modified_gmt":"2020-11-16T17:46:20","slug":"services-fees","status":"publish","type":"page","link":"https:\/\/explorientation.com\/de\/explo-orientation\/services-fees\/","title":{"rendered":"Leistungen &#038; Honorare"},"content":{"rendered":"\t\t<div data-elementor-type=\"wp-page\" data-elementor-id=\"361\" class=\"elementor elementor-361\" data-elementor-settings=\"[]\">\n\t\t\t\t\t\t<div class=\"elementor-inner\">\n\t\t\t\t\t\t\t<div class=\"elementor-section-wrap\">\n\t\t\t\t\t\t\t<section class=\"elementor-section elementor-top-section elementor-element elementor-element-a7eb777 elementor-section-boxed elementor-section-height-default elementor-section-height-default\" data-id=\"a7eb777\" data-element_type=\"section\" data-settings=\"{&quot;background_background&quot;:&quot;classic&quot;}\">\n\t\t\t\t\t\t<div class=\"elementor-container elementor-column-gap-default\">\n\t\t\t\t\t\t\t<div class=\"elementor-row\">\n\t\t\t\t\t<div class=\"elementor-column elementor-col-100 elementor-top-column elementor-element elementor-element-d128011\" data-id=\"d128011\" data-element_type=\"column\">\n\t\t\t<div class=\"elementor-column-wrap elementor-element-populated\">\n\t\t\t\t\t\t\t<div class=\"elementor-widget-wrap\">\n\t\t\t\t\t\t<div class=\"elementor-element elementor-element-addeadb elementor-widget elementor-widget-image\" data-id=\"addeadb\" data-element_type=\"widget\" data-widget_type=\"image.default\">\n\t\t\t\t<div class=\"elementor-widget-container\">\n\t\t\t\t\t\t\t\t<div class=\"elementor-image\">\n\t\t\t\t\t\t\t\t\t\t\t\t<img decoding=\"async\" src=\"https:\/\/explorientation.com\/wp-content\/uploads\/2014\/05\/TablePeople.jpg\" title=\"\" alt=\"\" \/>\t\t\t\t\t\t\t\t\t\t\t\t\t\t<\/div>\n\t\t\t\t\t\t<\/div>\n\t\t\t\t<\/div>\n\t\t\t\t<div class=\"elementor-element elementor-element-7036a81 elementor-widget elementor-widget-heading\" data-id=\"7036a81\" data-element_type=\"widget\" data-widget_type=\"heading.default\">\n\t\t\t\t<div class=\"elementor-widget-container\">\n\t\t\t<h1 class=\"elementor-heading-title elementor-size-default\">ORIENTIERUNGSPHASE<\/h1>\t\t<\/div>\n\t\t\t\t<\/div>\n\t\t\t\t<div class=\"elementor-element elementor-element-3dccb5c elementor-widget elementor-widget-heading\" data-id=\"3dccb5c\" data-element_type=\"widget\" data-widget_type=\"heading.default\">\n\t\t\t\t<div class=\"elementor-widget-container\">\n\t\t\t<h1 class=\"elementor-heading-title elementor-size-default\">Fragebogen<\/h1>\t\t<\/div>\n\t\t\t\t<\/div>\n\t\t\t\t<div class=\"elementor-element elementor-element-c4d2431 elementor-widget elementor-widget-text-editor\" data-id=\"c4d2431\" data-element_type=\"widget\" data-widget_type=\"text-editor.default\">\n\t\t\t\t<div class=\"elementor-widget-container\">\n\t\t\t\t\t\t\t\t<div class=\"elementor-text-editor elementor-clearfix\">\n\t\t\t\t<p class=\"p1\">Bevor wir in die eigentliche Beratung einsteigen, bitten wir all unsere Klienten einen detaillierten Fragebogen auszuf\u00fcllen und uns ihren Lebenslauf zu schicken. Das ist die beste Grundlage f\u00fcr unsere erfolgreiche Beratung: Du wirst Dir Deiner F\u00e4higkeiten und Talente bewusst, und wir k\u00f6nnen im n\u00e4chsten Schritt gemeinsam Deine Ziele und W\u00fcnsche f\u00fcr Dein EXPLO erarbeiten.<\/p><p class=\"p1\">Deinen Fragebogen und Lebenslauf besprechen wir im Explo Team und sammeln gemeinsam erste Ideen und Optionen.<\/p>\t\t\t\t\t<\/div>\n\t\t\t\t\t\t<\/div>\n\t\t\t\t<\/div>\n\t\t\t\t\t\t<\/div>\n\t\t\t\t\t<\/div>\n\t\t<\/div>\n\t\t\t\t\t\t\t\t<\/div>\n\t\t\t\t\t<\/div>\n\t\t<\/section>\n\t\t\t\t<section class=\"elementor-section elementor-top-section elementor-element elementor-element-c831f26 elementor-section-boxed elementor-section-height-default elementor-section-height-default\" data-id=\"c831f26\" data-element_type=\"section\" data-settings=\"{&quot;background_background&quot;:&quot;classic&quot;}\">\n\t\t\t\t\t\t<div class=\"elementor-container elementor-column-gap-default\">\n\t\t\t\t\t\t\t<div class=\"elementor-row\">\n\t\t\t\t\t<div class=\"elementor-column elementor-col-50 elementor-top-column elementor-element elementor-element-adfa451\" data-id=\"adfa451\" data-element_type=\"column\">\n\t\t\t<div class=\"elementor-column-wrap elementor-element-populated\">\n\t\t\t\t\t\t\t<div class=\"elementor-widget-wrap\">\n\t\t\t\t\t\t<div class=\"elementor-element elementor-element-a8eacf9 elementor-widget elementor-widget-text-editor\" data-id=\"a8eacf9\" data-element_type=\"widget\" data-widget_type=\"text-editor.default\">\n\t\t\t\t<div class=\"elementor-widget-container\">\n\t\t\t\t\t\t\t\t<div class=\"elementor-text-editor elementor-clearfix\">\n\t\t\t\t<p class=\"p1\">PERS\u00d6NLICHES ORIENTIERUNGSGESPR\u00c4CH<\/p>\t\t\t\t\t<\/div>\n\t\t\t\t\t\t<\/div>\n\t\t\t\t<\/div>\n\t\t\t\t<div class=\"elementor-element elementor-element-943f512 elementor-widget elementor-widget-text-editor\" data-id=\"943f512\" data-element_type=\"widget\" data-widget_type=\"text-editor.default\">\n\t\t\t\t<div class=\"elementor-widget-container\">\n\t\t\t\t\t\t\t\t<div class=\"elementor-text-editor elementor-clearfix\">\n\t\t\t\t<p class=\"p1\">Das erste pers\u00f6nliche Gespr\u00e4ch dient Deiner Orientierung: Was kann ich bereits? Was m\u00f6chte ich in meinem EXPLO lernen? Welche L\u00e4nder, welche Ziele, welche Optionen kommen in Frage?<\/p><p class=\"p1\">Jedes Gespr\u00e4ch ist individuell. \u00dcblicherweise sitzen wir mit Dir rund 1 1\/2 Stunden zusammen, gefolgt von einem telefonischen oder pers\u00f6nlichen Nachgespr\u00e4ch auf Wunsch auch mit den Eltern.<\/p><p class=\"p1\">Hier die Inhalte im \u00dcberblick:<\/p><ul><li class=\"li1\">Auswertung des Fragebogens: Welche Gaben bringst Du mit (<b>Talente, Erfahrungen, K\u00f6nnen<\/b>\u2026)?<\/li><li class=\"li1\">Wir definieren <b>EXPLO-Phasen und -Ziele<\/b>.<\/li><li class=\"li1\">Aufgrund unserer reichen Erfahrung bringen wir Dich auf neue Gedanken, um <b>weitere Optionen <\/b>f\u00fcr Dein EXPLO herauszufinden.<\/li><li class=\"li1\">Wir entwerfen mit Dir einen m\u00f6glichen <b>Zeitplan<\/b> f\u00fcr Dein EXPLO.<\/li><li class=\"li1\">Wir besprechen mit Dir <b>Kosten &amp; Finanzierungsm\u00f6glichkeiten<\/b>.<\/li><li class=\"li1\">Wir geben Dir ein erstes <b>Feedback zu Deinem Lebenslauf<\/b> f\u00fcr\u00a0die anstehenden\u00a0Bewerbungen.<\/li><li class=\"li1\">Wir halten sp\u00e4tere Ausbildungspl\u00e4ne im Auge, und geben Hinweise zu den \u00fcblichen Bewerbungsverfahren.<\/li><li class=\"li1\">Ein <b>pers\u00f6nliches Nachgespr\u00e4ch oder Telefonat <\/b>in der wir die erarbeiteten Ideen und Ziele besprechen, rundet das Orientierungsgespr\u00e4ch ab.<\/li><\/ul>\t\t\t\t\t<\/div>\n\t\t\t\t\t\t<\/div>\n\t\t\t\t<\/div>\n\t\t\t\t<div class=\"elementor-element elementor-element-3bbac40 elementor-widget elementor-widget-text-editor\" data-id=\"3bbac40\" data-element_type=\"widget\" data-widget_type=\"text-editor.default\">\n\t\t\t\t<div class=\"elementor-widget-container\">\n\t\t\t\t\t\t\t\t<div class=\"elementor-text-editor elementor-clearfix\">\n\t\t\t\t<p class=\"p1\"><strong>Honorar:<\/strong>\u00a0 \u20ac 275.00<\/p>\t\t\t\t\t<\/div>\n\t\t\t\t\t\t<\/div>\n\t\t\t\t<\/div>\n\t\t\t\t\t\t<\/div>\n\t\t\t\t\t<\/div>\n\t\t<\/div>\n\t\t\t\t<div class=\"elementor-column elementor-col-50 elementor-top-column elementor-element elementor-element-740dbfb\" data-id=\"740dbfb\" data-element_type=\"column\">\n\t\t\t<div class=\"elementor-column-wrap elementor-element-populated\">\n\t\t\t\t\t\t\t<div class=\"elementor-widget-wrap\">\n\t\t\t\t\t\t<div class=\"elementor-element elementor-element-b05a8df elementor-widget elementor-widget-text-editor\" data-id=\"b05a8df\" data-element_type=\"widget\" data-widget_type=\"text-editor.default\">\n\t\t\t\t<div class=\"elementor-widget-container\">\n\t\t\t\t\t\t\t\t<div class=\"elementor-text-editor elementor-clearfix\">\n\t\t\t\t<p class=\"p1\">RECHERCHE &amp; PLANUNGSPHASE<\/p>\t\t\t\t\t<\/div>\n\t\t\t\t\t\t<\/div>\n\t\t\t\t<\/div>\n\t\t\t\t<div class=\"elementor-element elementor-element-b938fef elementor-widget elementor-widget-text-editor\" data-id=\"b938fef\" data-element_type=\"widget\" data-widget_type=\"text-editor.default\">\n\t\t\t\t<div class=\"elementor-widget-container\">\n\t\t\t\t\t\t\t\t<div class=\"elementor-text-editor elementor-clearfix\">\n\t\t\t\t<p class=\"p1\">Nachdem wir Dich pers\u00f6nlich kennengelernt haben und im Orientierungsgespr\u00e4ch die verschiedenen Elemente Deines EXPLOs definiert haben, geht es in der Planungsphase darum, die richtigen Projekte f\u00fcr Dich zu finden und mit Dir die einzelnen Optionen zu besprechen.<\/p><ul class=\"ul1\"><li class=\"li1\">Wir suchen f\u00fcr Dich\u00a0<b>geeignete Projekte<\/b> raus und stellen sie Dir vor.<\/li><li class=\"li1\">Wir senden Dir <b>Adressen und Links<\/b> zu den Projekten per Mail zu.<\/li><li class=\"li1\">Wir erarbeiten mit Dir <b>Deine Route<\/b>.<\/li><li class=\"li1\">Wir geben Dir Tipps und wenn m\u00f6glich Kontakte f\u00fcr <b>passende Praktika<\/b> und helfen Dir bei der Bewerbung.<\/li><li class=\"li1\">Wir bieten Dir <b>praktische Hilfe<\/b> zum Thema Fund-Raising und F\u00f6rderm\u00f6glichkeiten.<\/li><li class=\"li1\">Wir helfen Dir bei der <b>Logistik:<\/b> Versicherung, Fl\u00fcge, Unterkunft etc.<\/li><li class=\"li1\">Optional begleiten wir Dich durch den\u00a0Bewerbungsprozess f\u00fcr Dein Freiwilligenprojekt, Job oder Praktikum: d.h. Hilfe bei der Formulierung des\u00a0Anschreibens,\u00a0Erstellung des Lebenslaufes und Sammlung der Referenzen auf Deutsch und Englisch (mehr Informationen siehe unten).<\/li><\/ul>\t\t\t\t\t<\/div>\n\t\t\t\t\t\t<\/div>\n\t\t\t\t<\/div>\n\t\t\t\t<div class=\"elementor-element elementor-element-ff5fb1e elementor-widget elementor-widget-text-editor\" data-id=\"ff5fb1e\" data-element_type=\"widget\" data-widget_type=\"text-editor.default\">\n\t\t\t\t<div class=\"elementor-widget-container\">\n\t\t\t\t\t\t\t\t<div class=\"elementor-text-editor elementor-clearfix\">\n\t\t\t\t<p class=\"p1\"><b>Honorar:<\/b> \u20ac 85,00 \/ Stunde<br \/>f\u00fcr Beratungen pers\u00f6nlich \/ telefonisch \/ skype \/ per Mail<\/p>\t\t\t\t\t<\/div>\n\t\t\t\t\t\t<\/div>\n\t\t\t\t<\/div>\n\t\t\t\t\t\t<\/div>\n\t\t\t\t\t<\/div>\n\t\t<\/div>\n\t\t\t\t\t\t\t\t<\/div>\n\t\t\t\t\t<\/div>\n\t\t<\/section>\n\t\t\t\t<section class=\"elementor-section elementor-top-section elementor-element elementor-element-d23941f elementor-section-boxed elementor-section-height-default elementor-section-height-default\" data-id=\"d23941f\" data-element_type=\"section\" data-settings=\"{&quot;background_background&quot;:&quot;classic&quot;}\">\n\t\t\t\t\t\t<div class=\"elementor-container elementor-column-gap-default\">\n\t\t\t\t\t\t\t<div class=\"elementor-row\">\n\t\t\t\t\t<div class=\"elementor-column elementor-col-100 elementor-top-column elementor-element elementor-element-fef1593\" data-id=\"fef1593\" data-element_type=\"column\">\n\t\t\t<div class=\"elementor-column-wrap elementor-element-populated\">\n\t\t\t\t\t\t\t<div class=\"elementor-widget-wrap\">\n\t\t\t\t\t\t<div class=\"elementor-element elementor-element-ab41770 elementor-widget elementor-widget-text-editor\" data-id=\"ab41770\" data-element_type=\"widget\" data-widget_type=\"text-editor.default\">\n\t\t\t\t<div class=\"elementor-widget-container\">\n\t\t\t\t\t\t\t\t<div class=\"elementor-text-editor elementor-clearfix\">\n\t\t\t\t<p class=\"p1\">ERG\u00c4NZEND<\/p>\t\t\t\t\t<\/div>\n\t\t\t\t\t\t<\/div>\n\t\t\t\t<\/div>\n\t\t\t\t<div class=\"elementor-element elementor-element-67e2e06 elementor-widget elementor-widget-text-editor\" data-id=\"67e2e06\" data-element_type=\"widget\" data-widget_type=\"text-editor.default\">\n\t\t\t\t<div class=\"elementor-widget-container\">\n\t\t\t\t\t\t\t\t<div class=\"elementor-text-editor elementor-clearfix\">\n\t\t\t\t<p class=\"p1\"><b>SCHRIFTLICHE ZUSAMMENFASSUNG<br \/><\/b>Eine ausf\u00fchrliche, schriftliche\u00a0Zusammenfassung der Beratungsgespr\u00e4che mit den\u00a0im Gespr\u00e4ch erarbeiten Zielen und Optionen, Adressen &amp; Links, Feedback zu Deinem Lebenslauf sowie Tipps zu Finanzierung, Reisem\u00f6glichkeiten f\u00fcr Dein EXPLO erstellen wir gerne. Gerade der schriftliche \u00dcberblick \u00fcber die besprochenen Punkte ist sehr wertvoll. Die Zusammenfassung senden wir\u00a0Dir \u00a0per E-Mail zu.<\/p><p class=\"p1\"><b>Honorar:<\/b> \u20ac 85,00<\/p><p><b>WELTWEITES NETZWERK<br \/><\/b>Explorientation hat\u00a0ein Netzwerk von Beratern und Ansprech-partnern\u00a0weltweit. Das Honorar richtet sich nach deren Stundens\u00e4tzen.<\/p><p class=\"p1\"><b>INDIVIDUELLES BEWERBUNGSTRAINING<br \/><\/b>Alle\u00a0Studenten stehen vor ihrem EXPLO in Bewerbungsprozessen, sei es f\u00fcr\u00a0die Bewerbung des Masters an\u00a0einer internationale Universit\u00e4t, f\u00fcr einen Mini-Job oder ein Praktikum im Ausland oder den Jobeinstieg. Alle haben Potenzial, doch nicht alle k\u00f6nnen sich \u00fcberzeugend bewerben. Wir m\u00f6chten, dass alle unsere Klienten optimal vorbereitet in den Bewerbungsprozess gehen. Wir haben deswegen speziell f\u00fcr dieses Thema Bettina Bergner, als erfahrene Personalberaterin f\u00fcr EXPLORIENATION Hamburg gewinnen k\u00f6nnen. Wir empfehlen allen unserer Klienten diese Chance zu nutzen.<\/p><ul class=\"ul1\"><li class=\"li1\">Detaillierte <b>Vorbereitung<\/b> auf das einladende Unternehmen\/Universit\u00e4t<\/li><li class=\"li1\">Individuelle <b>Erarbeitung der Pers\u00f6nlichkeitsstruktur<\/b><\/li><li class=\"li1\">Erl\u00e4uterung und <b>Vorbereitung auf die Bewerbungs-, Interviewsituation<\/b><\/li><li class=\"li1\"><b>Individuell erstellte Unterlagen<\/b> zur Nachbereitung<\/li><li class=\"li1\"><b>Honorar:<\/b> \u20ac 275 f\u00fcr 3 Stunden (inkl. Vorbereitung). Individuelle Beratung jederzeit m\u00f6glich, Preis nach Aufwand<\/li><\/ul><p>Weitere Informationen finden sich <a href=\"https:\/\/explorientation.com\/de\/die-explo-beratung\/bewerbungstraining-zweisprachig\/\"><span class=\"s2\">hier<\/span><\/a>.<\/p>\t\t\t\t\t<\/div>\n\t\t\t\t\t\t<\/div>\n\t\t\t\t<\/div>\n\t\t\t\t\t\t<\/div>\n\t\t\t\t\t<\/div>\n\t\t<\/div>\n\t\t\t\t\t\t\t\t<\/div>\n\t\t\t\t\t<\/div>\n\t\t<\/section>\n\t\t\t\t<section class=\"elementor-section elementor-top-section elementor-element elementor-element-ebd317f elementor-section-boxed elementor-section-height-default elementor-section-height-default\" data-id=\"ebd317f\" data-element_type=\"section\">\n\t\t\t\t\t\t<div class=\"elementor-container elementor-column-gap-default\">\n\t\t\t\t\t\t\t<div class=\"elementor-row\">\n\t\t\t\t\t<div class=\"elementor-column elementor-col-100 elementor-top-column elementor-element elementor-element-8b0c68f\" data-id=\"8b0c68f\" data-element_type=\"column\">\n\t\t\t<div class=\"elementor-column-wrap elementor-element-populated\">\n\t\t\t\t\t\t\t<div class=\"elementor-widget-wrap\">\n\t\t\t\t\t\t<div class=\"elementor-element elementor-element-a614b18 elementor-widget elementor-widget-image\" data-id=\"a614b18\" data-element_type=\"widget\" data-widget_type=\"image.default\">\n\t\t\t\t<div class=\"elementor-widget-container\">\n\t\t\t\t\t\t\t\t<div class=\"elementor-image\">\n\t\t\t\t\t\t\t\t\t\t\t\t<img decoding=\"async\" width=\"150\" height=\"150\" src=\"https:\/\/explorientation.com\/de\/wp-content\/uploads\/sites\/4\/2016\/06\/sabbatical-150x150.jpg\" class=\"attachment-thumbnail size-thumbnail\" alt=\"\" loading=\"lazy\" srcset=\"https:\/\/explorientation.com\/de\/wp-content\/uploads\/sites\/4\/2016\/06\/sabbatical-150x150.jpg 150w, https:\/\/explorientation.com\/de\/wp-content\/uploads\/sites\/4\/2016\/06\/sabbatical-100x100.jpg 100w, https:\/\/explorientation.com\/de\/wp-content\/uploads\/sites\/4\/2016\/06\/sabbatical-200x200.jpg 200w, https:\/\/explorientation.com\/de\/wp-content\/uploads\/sites\/4\/2016\/06\/sabbatical.jpg 256w\" sizes=\"(max-width: 150px) 100vw, 150px\" \/>\t\t\t\t\t\t\t\t\t\t\t\t\t\t<\/div>\n\t\t\t\t\t\t<\/div>\n\t\t\t\t<\/div>\n\t\t\t\t\t\t<\/div>\n\t\t\t\t\t<\/div>\n\t\t<\/div>\n\t\t\t\t\t\t\t\t<\/div>\n\t\t\t\t\t<\/div>\n\t\t<\/section>\n\t\t\t\t\t\t<\/div>\n\t\t\t\t\t\t<\/div>\n\t\t\t\t\t<\/div>\n\t\t","protected":false},"excerpt":{"rendered":"<p>ORIENTIERUNGSPHASE Fragebogen Bevor wir in die eigentliche Beratung einsteigen, bitten wir all unsere Klienten einen detaillierten Fragebogen auszuf\u00fcllen und uns ihren Lebenslauf zu schicken. Das ist die beste Grundlage f\u00fcr unsere erfolgreiche Beratung: Du wirst Dir Deiner F\u00e4higkeiten und Talente bewusst, und wir k\u00f6nnen im n\u00e4chsten Schritt gemeinsam Deine Ziele<\/p>\n","protected":false},"author":1,"featured_media":0,"parent":37,"menu_order":0,"comment_status":"closed","ping_status":"closed","template":"","meta":[],"yoast_head":"<!-- This site is optimized with the Yoast SEO plugin v17.4 - https:\/\/yoast.com\/wordpress\/plugins\/seo\/ -->\n<title>Leistungen &amp; Honorare -<\/title>\n<meta name=\"robots\" content=\"index, follow, max-snippet:-1, max-image-preview:large, max-video-preview:-1\" \/>\n<link rel=\"canonical\" href=\"https:\/\/explorientation.com\/de\/explo-orientation\/services-fees\/\" \/>\n<meta property=\"og:locale\" content=\"de_DE\" \/>\n<meta property=\"og:type\" content=\"article\" \/>\n<meta property=\"og:title\" content=\"Leistungen &amp; Honorare -\" \/>\n<meta property=\"og:description\" content=\"ORIENTIERUNGSPHASE Fragebogen Bevor wir in die eigentliche Beratung einsteigen, bitten wir all unsere Klienten einen detaillierten Fragebogen auszuf\u00fcllen und uns ihren Lebenslauf zu schicken. Das ist die beste Grundlage f\u00fcr unsere erfolgreiche Beratung: Du wirst Dir Deiner F\u00e4higkeiten und Talente bewusst, und wir k\u00f6nnen im n\u00e4chsten Schritt gemeinsam Deine Ziele\" \/>\n<meta property=\"og:url\" content=\"https:\/\/explorientation.com\/de\/explo-orientation\/services-fees\/\" \/>\n<meta property=\"article:modified_time\" content=\"2020-11-16T17:46:20+00:00\" \/>\n<meta property=\"og:image\" content=\"https:\/\/explorientation.com\/wp-content\/uploads\/2014\/05\/TablePeople.jpg\" \/>\n<meta name=\"twitter:card\" content=\"summary_large_image\" \/>\n<meta name=\"twitter:label1\" content=\"Gesch\u00e4tzte Lesezeit\" \/>\n\t<meta name=\"twitter:data1\" content=\"3\u00a0Minuten\" \/>\n<script type=\"application\/ld+json\" class=\"yoast-schema-graph\">{\"@context\":\"https:\/\/schema.org\",\"@graph\":[{\"@type\":\"WebSite\",\"@id\":\"https:\/\/explorientation.com\/de\/#website\",\"url\":\"https:\/\/explorientation.com\/de\/\",\"name\":\"\",\"description\":\"\",\"potentialAction\":[{\"@type\":\"SearchAction\",\"target\":{\"@type\":\"EntryPoint\",\"urlTemplate\":\"https:\/\/explorientation.com\/de\/?s={search_term_string}\"},\"query-input\":\"required name=search_term_string\"}],\"inLanguage\":\"de\"},{\"@type\":\"ImageObject\",\"@id\":\"https:\/\/explorientation.com\/de\/explo-orientation\/services-fees\/#primaryimage\",\"inLanguage\":\"de\",\"url\":\"https:\/\/explorientation.com\/wp-content\/uploads\/2014\/05\/TablePeople.jpg\",\"contentUrl\":\"https:\/\/explorientation.com\/wp-content\/uploads\/2014\/05\/TablePeople.jpg\"},{\"@type\":\"WebPage\",\"@id\":\"https:\/\/explorientation.com\/de\/explo-orientation\/services-fees\/#webpage\",\"url\":\"https:\/\/explorientation.com\/de\/explo-orientation\/services-fees\/\",\"name\":\"Leistungen & Honorare -\",\"isPartOf\":{\"@id\":\"https:\/\/explorientation.com\/de\/#website\"},\"primaryImageOfPage\":{\"@id\":\"https:\/\/explorientation.com\/de\/explo-orientation\/services-fees\/#primaryimage\"},\"datePublished\":\"2016-07-07T14:15:26+00:00\",\"dateModified\":\"2020-11-16T17:46:20+00:00\",\"breadcrumb\":{\"@id\":\"https:\/\/explorientation.com\/de\/explo-orientation\/services-fees\/#breadcrumb\"},\"inLanguage\":\"de\",\"potentialAction\":[{\"@type\":\"ReadAction\",\"target\":[\"https:\/\/explorientation.com\/de\/explo-orientation\/services-fees\/\"]}]},{\"@type\":\"BreadcrumbList\",\"@id\":\"https:\/\/explorientation.com\/de\/explo-orientation\/services-fees\/#breadcrumb\",\"itemListElement\":[{\"@type\":\"ListItem\",\"position\":1,\"name\":\"Home\",\"item\":\"https:\/\/explorientation.com\/de\/\"},{\"@type\":\"ListItem\",\"position\":2,\"name\":\"EXPLO Sch\\u00fcler\",\"item\":\"https:\/\/explorientation.com\/de\/explo-orientation\/\"},{\"@type\":\"ListItem\",\"position\":3,\"name\":\"Leistungen &#038; Honorare\"}]}]}<\/script>\n<!-- \/ Yoast SEO plugin. -->","yoast_head_json":{"title":"Leistungen & Honorare -","robots":{"index":"index","follow":"follow","max-snippet":"max-snippet:-1","max-image-preview":"max-image-preview:large","max-video-preview":"max-video-preview:-1"},"canonical":"https:\/\/explorientation.com\/de\/explo-orientation\/services-fees\/","og_locale":"de_DE","og_type":"article","og_title":"Leistungen & Honorare -","og_description":"ORIENTIERUNGSPHASE Fragebogen Bevor wir in die eigentliche Beratung einsteigen, bitten wir all unsere Klienten einen detaillierten Fragebogen auszuf\u00fcllen und uns ihren Lebenslauf zu schicken. Das ist die beste Grundlage f\u00fcr unsere erfolgreiche Beratung: Du wirst Dir Deiner F\u00e4higkeiten und Talente bewusst, und wir k\u00f6nnen im n\u00e4chsten Schritt gemeinsam Deine Ziele","og_url":"https:\/\/explorientation.com\/de\/explo-orientation\/services-fees\/","article_modified_time":"2020-11-16T17:46:20+00:00","og_image":[{"url":"https:\/\/explorientation.com\/wp-content\/uploads\/2014\/05\/TablePeople.jpg"}],"twitter_card":"summary_large_image","twitter_misc":{"Gesch\u00e4tzte Lesezeit":"3\u00a0Minuten"},"schema":{"@context":"https:\/\/schema.org","@graph":[{"@type":"WebSite","@id":"https:\/\/explorientation.com\/de\/#website","url":"https:\/\/explorientation.com\/de\/","name":"","description":"","potentialAction":[{"@type":"SearchAction","target":{"@type":"EntryPoint","urlTemplate":"https:\/\/explorientation.com\/de\/?s={search_term_string}"},"query-input":"required name=search_term_string"}],"inLanguage":"de"},{"@type":"ImageObject","@id":"https:\/\/explorientation.com\/de\/explo-orientation\/services-fees\/#primaryimage","inLanguage":"de","url":"https:\/\/explorientation.com\/wp-content\/uploads\/2014\/05\/TablePeople.jpg","contentUrl":"https:\/\/explorientation.com\/wp-content\/uploads\/2014\/05\/TablePeople.jpg"},{"@type":"WebPage","@id":"https:\/\/explorientation.com\/de\/explo-orientation\/services-fees\/#webpage","url":"https:\/\/explorientation.com\/de\/explo-orientation\/services-fees\/","name":"Leistungen & Honorare -","isPartOf":{"@id":"https:\/\/explorientation.com\/de\/#website"},"primaryImageOfPage":{"@id":"https:\/\/explorientation.com\/de\/explo-orientation\/services-fees\/#primaryimage"},"datePublished":"2016-07-07T14:15:26+00:00","dateModified":"2020-11-16T17:46:20+00:00","breadcrumb":{"@id":"https:\/\/explorientation.com\/de\/explo-orientation\/services-fees\/#breadcrumb"},"inLanguage":"de","potentialAction":[{"@type":"ReadAction","target":["https:\/\/explorientation.com\/de\/explo-orientation\/services-fees\/"]}]},{"@type":"BreadcrumbList","@id":"https:\/\/explorientation.com\/de\/explo-orientation\/services-fees\/#breadcrumb","itemListElement":[{"@type":"ListItem","position":1,"name":"Home","item":"https:\/\/explorientation.com\/de\/"},{"@type":"ListItem","position":2,"name":"EXPLO Sch\u00fcler","item":"https:\/\/explorientation.com\/de\/explo-orientation\/"},{"@type":"ListItem","position":3,"name":"Leistungen &#038; Honorare"}]}]}},"blog_post_layout_featured_media_urls":{"thumbnail":"","full":""},"categories_names":null,"comments_number":"0","_links":{"self":[{"href":"https:\/\/explorientation.com\/de\/wp-json\/wp\/v2\/pages\/361"}],"collection":[{"href":"https:\/\/explorientation.com\/de\/wp-json\/wp\/v2\/pages"}],"about":[{"href":"https:\/\/explorientation.com\/de\/wp-json\/wp\/v2\/types\/page"}],"author":[{"embeddable":true,"href":"https:\/\/explorientation.com\/de\/wp-json\/wp\/v2\/users\/1"}],"replies":[{"embeddable":true,"href":"https:\/\/explorientation.com\/de\/wp-json\/wp\/v2\/comments?post=361"}],"version-history":[{"count":12,"href":"https:\/\/explorientation.com\/de\/wp-json\/wp\/v2\/pages\/361\/revisions"}],"predecessor-version":[{"id":860,"href":"https:\/\/explorientation.com\/de\/wp-json\/wp\/v2\/pages\/361\/revisions\/860"}],"up":[{"embeddable":true,"href":"https:\/\/explorientation.com\/de\/wp-json\/wp\/v2\/pages\/37"}],"wp:attachment":[{"href":"https:\/\/explorientation.com\/de\/wp-json\/wp\/v2\/media?parent=361"}],"curies":[{"name":"wp","href":"https:\/\/api.w.org\/{rel}","templated":true}]}}