{"id":369,"date":"2016-07-07T14:18:47","date_gmt":"2016-07-07T14:18:47","guid":{"rendered":"http:\/\/explorientation.com\/de\/?page_id=369"},"modified":"2020-11-16T17:48:49","modified_gmt":"2020-11-16T17:48:49","slug":"explo-international-services","status":"publish","type":"page","link":"https:\/\/explorientation.com\/de\/explo-sabbatical\/explo-international-services\/","title":{"rendered":"EXPLO International Services"},"content":{"rendered":"\t\t<div data-elementor-type=\"wp-page\" data-elementor-id=\"369\" class=\"elementor elementor-369\" data-elementor-settings=\"[]\">\n\t\t\t\t\t\t<div class=\"elementor-inner\">\n\t\t\t\t\t\t\t<div class=\"elementor-section-wrap\">\n\t\t\t\t\t\t\t<section class=\"elementor-section elementor-top-section elementor-element elementor-element-a9cc7ac elementor-section-boxed elementor-section-height-default elementor-section-height-default\" data-id=\"a9cc7ac\" data-element_type=\"section\">\n\t\t\t\t\t\t<div class=\"elementor-container elementor-column-gap-default\">\n\t\t\t\t\t\t\t<div class=\"elementor-row\">\n\t\t\t\t\t<div class=\"elementor-column elementor-col-100 elementor-top-column elementor-element elementor-element-0b97a95\" data-id=\"0b97a95\" data-element_type=\"column\">\n\t\t\t<div class=\"elementor-column-wrap elementor-element-populated\">\n\t\t\t\t\t\t\t<div class=\"elementor-widget-wrap\">\n\t\t\t\t\t\t<div class=\"elementor-element elementor-element-7e52c9b elementor-widget elementor-widget-image\" data-id=\"7e52c9b\" data-element_type=\"widget\" data-widget_type=\"image.default\">\n\t\t\t\t<div class=\"elementor-widget-container\">\n\t\t\t\t\t\t\t\t<div class=\"elementor-image\">\n\t\t\t\t\t\t\t\t\t\t\t\t<img decoding=\"async\" src=\"https:\/\/explorientation.com\/de\/wp-content\/uploads\/sites\/4\/elementor\/thumbs\/Explore-oycphqnscqcjcb0r6shws7i3dttozlo9ihjkq3tty4.png\" title=\"Explore\" alt=\"Explore\" \/>\t\t\t\t\t\t\t\t\t\t\t\t\t\t<\/div>\n\t\t\t\t\t\t<\/div>\n\t\t\t\t<\/div>\n\t\t\t\t<div class=\"elementor-element elementor-element-657bba2 elementor-widget elementor-widget-heading\" data-id=\"657bba2\" data-element_type=\"widget\" data-widget_type=\"heading.default\">\n\t\t\t\t<div class=\"elementor-widget-container\">\n\t\t\t<h1 class=\"elementor-heading-title elementor-size-default\">AN EINEM SABBATICAL INTERESSIERT?<\/h1>\t\t<\/div>\n\t\t\t\t<\/div>\n\t\t\t\t<div class=\"elementor-element elementor-element-b842a74 elementor-widget elementor-widget-heading\" data-id=\"b842a74\" data-element_type=\"widget\" data-widget_type=\"heading.default\">\n\t\t\t\t<div class=\"elementor-widget-container\">\n\t\t\t<h1 class=\"elementor-heading-title elementor-size-default\">The Time is now!<\/h1>\t\t<\/div>\n\t\t\t\t<\/div>\n\t\t\t\t<div class=\"elementor-element elementor-element-51442b1 elementor-widget elementor-widget-text-editor\" data-id=\"51442b1\" data-element_type=\"widget\" data-widget_type=\"text-editor.default\">\n\t\t\t\t<div class=\"elementor-widget-container\">\n\t\t\t\t\t\t\t\t<div class=\"elementor-text-editor elementor-clearfix\">\n\t\t\t\t<div class=\"\">Ein Sabbatical ist eine g\u00fcnstige Gelegenheit, die Batterien aufzuladen, alternative Wege zu erkunden, einem neuen Projekt oder Hobby nachzugehen oder einfach nur ein Abenteuer zu wagen.<\/div><div class=\"\">\u00a0<\/div><div class=\"\">Ein Sabbatical kann \u00fcberw\u00e4ltigend sein, Sie wissen, dass Sie eine Pause brauchen, wissen aber nicht, wo Sie anfangen sollen oder wie Sie Ihre Zeit konstruktiv nutzen k\u00f6nnen. Manchmal brauchen Sie einen Sparringspartner, der Ihnen hilft, die unz\u00e4hligen Ideen, die Sie haben oder brauchen, zu sortieren.<\/div><div class=\"\">\u00a0<\/div><div class=\"\">Bei Explorientation verf\u00fcgen wir \u00fcber die n\u00f6tigen Coaching-F\u00e4higkeiten sowie \u00fcber ein umfangreiches Netzwerk von Beratern, deren Insidertipps und Kontakte von unsch\u00e4tzbarem Wert sind und sicherstellen, dass unsere Beratungen ethisch einwandfrei und ma\u00dfgeschneidert sind.<\/div>\t\t\t\t\t<\/div>\n\t\t\t\t\t\t<\/div>\n\t\t\t\t<\/div>\n\t\t\t\t\t\t<\/div>\n\t\t\t\t\t<\/div>\n\t\t<\/div>\n\t\t\t\t\t\t\t\t<\/div>\n\t\t\t\t\t<\/div>\n\t\t<\/section>\n\t\t\t\t<section class=\"elementor-section elementor-top-section elementor-element elementor-element-ebb574c elementor-section-boxed elementor-section-height-default elementor-section-height-default\" data-id=\"ebb574c\" data-element_type=\"section\">\n\t\t\t\t\t\t<div class=\"elementor-container elementor-column-gap-default\">\n\t\t\t\t\t\t\t<div class=\"elementor-row\">\n\t\t\t\t\t<div class=\"elementor-column elementor-col-100 elementor-top-column elementor-element elementor-element-7a73d64\" data-id=\"7a73d64\" data-element_type=\"column\">\n\t\t\t<div class=\"elementor-column-wrap elementor-element-populated\">\n\t\t\t\t\t\t\t<div class=\"elementor-widget-wrap\">\n\t\t\t\t\t\t<div class=\"elementor-element elementor-element-22e34d6 elementor-widget elementor-widget-spacer\" data-id=\"22e34d6\" data-element_type=\"widget\" data-widget_type=\"spacer.default\">\n\t\t\t\t<div class=\"elementor-widget-container\">\n\t\t\t\t\t<div class=\"elementor-spacer\">\n\t\t\t<div class=\"elementor-spacer-inner\"><\/div>\n\t\t<\/div>\n\t\t\t\t<\/div>\n\t\t\t\t<\/div>\n\t\t\t\t\t\t<\/div>\n\t\t\t\t\t<\/div>\n\t\t<\/div>\n\t\t\t\t\t\t\t\t<\/div>\n\t\t\t\t\t<\/div>\n\t\t<\/section>\n\t\t\t\t\t\t<\/div>\n\t\t\t\t\t\t<\/div>\n\t\t\t\t\t<\/div>\n\t\t","protected":false},"excerpt":{"rendered":"<p>AN EINEM SABBATICAL INTERESSIERT? The Time is now! Ein Sabbatical ist eine g\u00fcnstige Gelegenheit, die Batterien aufzuladen, alternative Wege zu erkunden, einem neuen Projekt oder Hobby nachzugehen oder einfach nur ein Abenteuer zu wagen.\u00a0Ein Sabbatical kann \u00fcberw\u00e4ltigend sein, Sie wissen, dass Sie eine Pause brauchen, wissen aber nicht, wo Sie<\/p>\n","protected":false},"author":1,"featured_media":0,"parent":288,"menu_order":0,"comment_status":"closed","ping_status":"closed","template":"","meta":[],"yoast_head":"<!-- This site is optimized with the Yoast SEO plugin v17.4 - https:\/\/yoast.com\/wordpress\/plugins\/seo\/ -->\n<title>EXPLO International Services -<\/title>\n<meta name=\"robots\" content=\"index, follow, max-snippet:-1, max-image-preview:large, max-video-preview:-1\" \/>\n<link rel=\"canonical\" href=\"https:\/\/explorientation.com\/de\/explo-sabbatical\/explo-international-services\/\" \/>\n<meta property=\"og:locale\" content=\"de_DE\" \/>\n<meta property=\"og:type\" content=\"article\" \/>\n<meta property=\"og:title\" content=\"EXPLO International Services -\" \/>\n<meta property=\"og:description\" content=\"AN EINEM SABBATICAL INTERESSIERT? The Time is now! Ein Sabbatical ist eine g\u00fcnstige Gelegenheit, die Batterien aufzuladen, alternative Wege zu erkunden, einem neuen Projekt oder Hobby nachzugehen oder einfach nur ein Abenteuer zu wagen.\u00a0Ein Sabbatical kann \u00fcberw\u00e4ltigend sein, Sie wissen, dass Sie eine Pause brauchen, wissen aber nicht, wo Sie\" \/>\n<meta property=\"og:url\" content=\"https:\/\/explorientation.com\/de\/explo-sabbatical\/explo-international-services\/\" \/>\n<meta property=\"article:modified_time\" content=\"2020-11-16T17:48:49+00:00\" \/>\n<meta property=\"og:image\" content=\"https:\/\/explorientation.com\/de\/wp-content\/uploads\/sites\/4\/elementor\/thumbs\/Explore-oycphqnscqcjcb0r6shws7i3dttozlo9ihjkq3tty4.png\" \/>\n<meta name=\"twitter:card\" content=\"summary_large_image\" \/>\n<meta name=\"twitter:label1\" content=\"Gesch\u00e4tzte Lesezeit\" \/>\n\t<meta name=\"twitter:data1\" content=\"1\u00a0Minute\" \/>\n<script type=\"application\/ld+json\" class=\"yoast-schema-graph\">{\"@context\":\"https:\/\/schema.org\",\"@graph\":[{\"@type\":\"WebSite\",\"@id\":\"https:\/\/explorientation.com\/de\/#website\",\"url\":\"https:\/\/explorientation.com\/de\/\",\"name\":\"\",\"description\":\"\",\"potentialAction\":[{\"@type\":\"SearchAction\",\"target\":{\"@type\":\"EntryPoint\",\"urlTemplate\":\"https:\/\/explorientation.com\/de\/?s={search_term_string}\"},\"query-input\":\"required name=search_term_string\"}],\"inLanguage\":\"de\"},{\"@type\":\"ImageObject\",\"@id\":\"https:\/\/explorientation.com\/de\/explo-sabbatical\/explo-international-services\/#primaryimage\",\"inLanguage\":\"de\",\"url\":\"https:\/\/explorientation.com\/de\/wp-content\/uploads\/sites\/4\/elementor\/thumbs\/Explore-oycphqnscqcjcb0r6shws7i3dttozlo9ihjkq3tty4.png\",\"contentUrl\":\"https:\/\/explorientation.com\/de\/wp-content\/uploads\/sites\/4\/elementor\/thumbs\/Explore-oycphqnscqcjcb0r6shws7i3dttozlo9ihjkq3tty4.png\"},{\"@type\":\"WebPage\",\"@id\":\"https:\/\/explorientation.com\/de\/explo-sabbatical\/explo-international-services\/#webpage\",\"url\":\"https:\/\/explorientation.com\/de\/explo-sabbatical\/explo-international-services\/\",\"name\":\"EXPLO International Services -\",\"isPartOf\":{\"@id\":\"https:\/\/explorientation.com\/de\/#website\"},\"primaryImageOfPage\":{\"@id\":\"https:\/\/explorientation.com\/de\/explo-sabbatical\/explo-international-services\/#primaryimage\"},\"datePublished\":\"2016-07-07T14:18:47+00:00\",\"dateModified\":\"2020-11-16T17:48:49+00:00\",\"breadcrumb\":{\"@id\":\"https:\/\/explorientation.com\/de\/explo-sabbatical\/explo-international-services\/#breadcrumb\"},\"inLanguage\":\"de\",\"potentialAction\":[{\"@type\":\"ReadAction\",\"target\":[\"https:\/\/explorientation.com\/de\/explo-sabbatical\/explo-international-services\/\"]}]},{\"@type\":\"BreadcrumbList\",\"@id\":\"https:\/\/explorientation.com\/de\/explo-sabbatical\/explo-international-services\/#breadcrumb\",\"itemListElement\":[{\"@type\":\"ListItem\",\"position\":1,\"name\":\"Home\",\"item\":\"https:\/\/explorientation.com\/de\/\"},{\"@type\":\"ListItem\",\"position\":2,\"name\":\"EXPLO-Sabbatical\",\"item\":\"https:\/\/explorientation.com\/de\/explo-sabbatical\/\"},{\"@type\":\"ListItem\",\"position\":3,\"name\":\"EXPLO International Services\"}]}]}<\/script>\n<!-- \/ Yoast SEO plugin. -->","yoast_head_json":{"title":"EXPLO International Services -","robots":{"index":"index","follow":"follow","max-snippet":"max-snippet:-1","max-image-preview":"max-image-preview:large","max-video-preview":"max-video-preview:-1"},"canonical":"https:\/\/explorientation.com\/de\/explo-sabbatical\/explo-international-services\/","og_locale":"de_DE","og_type":"article","og_title":"EXPLO International Services -","og_description":"AN EINEM SABBATICAL INTERESSIERT? The Time is now! Ein Sabbatical ist eine g\u00fcnstige Gelegenheit, die Batterien aufzuladen, alternative Wege zu erkunden, einem neuen Projekt oder Hobby nachzugehen oder einfach nur ein Abenteuer zu wagen.\u00a0Ein Sabbatical kann \u00fcberw\u00e4ltigend sein, Sie wissen, dass Sie eine Pause brauchen, wissen aber nicht, wo Sie","og_url":"https:\/\/explorientation.com\/de\/explo-sabbatical\/explo-international-services\/","article_modified_time":"2020-11-16T17:48:49+00:00","og_image":[{"url":"https:\/\/explorientation.com\/de\/wp-content\/uploads\/sites\/4\/elementor\/thumbs\/Explore-oycphqnscqcjcb0r6shws7i3dttozlo9ihjkq3tty4.png"}],"twitter_card":"summary_large_image","twitter_misc":{"Gesch\u00e4tzte Lesezeit":"1\u00a0Minute"},"schema":{"@context":"https:\/\/schema.org","@graph":[{"@type":"WebSite","@id":"https:\/\/explorientation.com\/de\/#website","url":"https:\/\/explorientation.com\/de\/","name":"","description":"","potentialAction":[{"@type":"SearchAction","target":{"@type":"EntryPoint","urlTemplate":"https:\/\/explorientation.com\/de\/?s={search_term_string}"},"query-input":"required name=search_term_string"}],"inLanguage":"de"},{"@type":"ImageObject","@id":"https:\/\/explorientation.com\/de\/explo-sabbatical\/explo-international-services\/#primaryimage","inLanguage":"de","url":"https:\/\/explorientation.com\/de\/wp-content\/uploads\/sites\/4\/elementor\/thumbs\/Explore-oycphqnscqcjcb0r6shws7i3dttozlo9ihjkq3tty4.png","contentUrl":"https:\/\/explorientation.com\/de\/wp-content\/uploads\/sites\/4\/elementor\/thumbs\/Explore-oycphqnscqcjcb0r6shws7i3dttozlo9ihjkq3tty4.png"},{"@type":"WebPage","@id":"https:\/\/explorientation.com\/de\/explo-sabbatical\/explo-international-services\/#webpage","url":"https:\/\/explorientation.com\/de\/explo-sabbatical\/explo-international-services\/","name":"EXPLO International Services -","isPartOf":{"@id":"https:\/\/explorientation.com\/de\/#website"},"primaryImageOfPage":{"@id":"https:\/\/explorientation.com\/de\/explo-sabbatical\/explo-international-services\/#primaryimage"},"datePublished":"2016-07-07T14:18:47+00:00","dateModified":"2020-11-16T17:48:49+00:00","breadcrumb":{"@id":"https:\/\/explorientation.com\/de\/explo-sabbatical\/explo-international-services\/#breadcrumb"},"inLanguage":"de","potentialAction":[{"@type":"ReadAction","target":["https:\/\/explorientation.com\/de\/explo-sabbatical\/explo-international-services\/"]}]},{"@type":"BreadcrumbList","@id":"https:\/\/explorientation.com\/de\/explo-sabbatical\/explo-international-services\/#breadcrumb","itemListElement":[{"@type":"ListItem","position":1,"name":"Home","item":"https:\/\/explorientation.com\/de\/"},{"@type":"ListItem","position":2,"name":"EXPLO-Sabbatical","item":"https:\/\/explorientation.com\/de\/explo-sabbatical\/"},{"@type":"ListItem","position":3,"name":"EXPLO International Services"}]}]}},"blog_post_layout_featured_media_urls":{"thumbnail":"","full":""},"categories_names":null,"comments_number":"0","_links":{"self":[{"href":"https:\/\/explorientation.com\/de\/wp-json\/wp\/v2\/pages\/369"}],"collection":[{"href":"https:\/\/explorientation.com\/de\/wp-json\/wp\/v2\/pages"}],"about":[{"href":"https:\/\/explorientation.com\/de\/wp-json\/wp\/v2\/types\/page"}],"author":[{"embeddable":true,"href":"https:\/\/explorientation.com\/de\/wp-json\/wp\/v2\/users\/1"}],"replies":[{"embeddable":true,"href":"https:\/\/explorientation.com\/de\/wp-json\/wp\/v2\/comments?post=369"}],"version-history":[{"count":9,"href":"https:\/\/explorientation.com\/de\/wp-json\/wp\/v2\/pages\/369\/revisions"}],"predecessor-version":[{"id":863,"href":"https:\/\/explorientation.com\/de\/wp-json\/wp\/v2\/pages\/369\/revisions\/863"}],"up":[{"embeddable":true,"href":"https:\/\/explorientation.com\/de\/wp-json\/wp\/v2\/pages\/288"}],"wp:attachment":[{"href":"https:\/\/explorientation.com\/de\/wp-json\/wp\/v2\/media?parent=369"}],"curies":[{"name":"wp","href":"https:\/\/api.w.org\/{rel}","templated":true}]}}