{"id":371,"date":"2016-07-07T14:19:06","date_gmt":"2016-07-07T14:19:06","guid":{"rendered":"http:\/\/explorientation.com\/de\/?page_id=371"},"modified":"2020-11-16T17:50:28","modified_gmt":"2020-11-16T17:50:28","slug":"services-fees","status":"publish","type":"page","link":"https:\/\/explorientation.com\/de\/explo-sabbatical\/services-fees\/","title":{"rendered":"Leistungen &#038; Honorare"},"content":{"rendered":"\t\t<div data-elementor-type=\"wp-page\" data-elementor-id=\"371\" class=\"elementor elementor-371\" data-elementor-settings=\"[]\">\n\t\t\t\t\t\t<div class=\"elementor-inner\">\n\t\t\t\t\t\t\t<div class=\"elementor-section-wrap\">\n\t\t\t\t\t\t\t<section class=\"elementor-section elementor-top-section elementor-element elementor-element-e092533 elementor-section-boxed elementor-section-height-default elementor-section-height-default\" data-id=\"e092533\" data-element_type=\"section\">\n\t\t\t\t\t\t<div class=\"elementor-container elementor-column-gap-default\">\n\t\t\t\t\t\t\t<div class=\"elementor-row\">\n\t\t\t\t\t<div class=\"elementor-column elementor-col-100 elementor-top-column elementor-element elementor-element-a7a1c8a\" data-id=\"a7a1c8a\" data-element_type=\"column\">\n\t\t\t<div class=\"elementor-column-wrap elementor-element-populated\">\n\t\t\t\t\t\t\t<div class=\"elementor-widget-wrap\">\n\t\t\t\t\t\t<div class=\"elementor-element elementor-element-329a7ee elementor-widget elementor-widget-image\" data-id=\"329a7ee\" data-element_type=\"widget\" data-widget_type=\"image.default\">\n\t\t\t\t<div class=\"elementor-widget-container\">\n\t\t\t\t\t\t\t\t<div class=\"elementor-image\">\n\t\t\t\t\t\t\t\t\t\t\t\t<img decoding=\"async\" src=\"https:\/\/explorientation.com\/de\/wp-content\/uploads\/sites\/4\/elementor\/thumbs\/sabbatical-msoz65gpiqrb6txgjetbpin27i0zkjx0ll82ft17x8.jpg\" title=\"sabbatical\" alt=\"sabbatical\" \/>\t\t\t\t\t\t\t\t\t\t\t\t\t\t<\/div>\n\t\t\t\t\t\t<\/div>\n\t\t\t\t<\/div>\n\t\t\t\t<div class=\"elementor-element elementor-element-af1a207 elementor-widget elementor-widget-heading\" data-id=\"af1a207\" data-element_type=\"widget\" data-widget_type=\"heading.default\">\n\t\t\t\t<div class=\"elementor-widget-container\">\n\t\t\t<h1 class=\"elementor-heading-title elementor-size-default\">Orientierungsphase<\/h1>\t\t<\/div>\n\t\t\t\t<\/div>\n\t\t\t\t<div class=\"elementor-element elementor-element-0eca932 elementor-widget elementor-widget-heading\" data-id=\"0eca932\" data-element_type=\"widget\" data-widget_type=\"heading.default\">\n\t\t\t\t<div class=\"elementor-widget-container\">\n\t\t\t<h1 class=\"elementor-heading-title elementor-size-default\">Fragebogen<\/h1>\t\t<\/div>\n\t\t\t\t<\/div>\n\t\t\t\t<div class=\"elementor-element elementor-element-94b9c06 elementor-widget elementor-widget-text-editor\" data-id=\"94b9c06\" data-element_type=\"widget\" data-widget_type=\"text-editor.default\">\n\t\t\t\t<div class=\"elementor-widget-container\">\n\t\t\t\t\t\t\t\t<div class=\"elementor-text-editor elementor-clearfix\">\n\t\t\t\t<p>Bevor wir in die eigentliche Beratung einsteigen, bitten wir all unsere Klienten einen Fragebogen auszuf\u00fcllen und uns ihren Lebenslauf zu schicken. Hier hei\u00dft es inne halten und zu \u00fcberlegen: Was kann ich? Was zeichnet mich aus? Welche Ziele habe ich beruflich, privat und pers\u00f6nlich bereits erreicht? Was ist der Anlass f\u00fcr mein Sabbatical? Welche Ziele und W\u00fcnsche habe f\u00fcr diese Zeit?<\/p><p>Deinen Fragebogen und Lebenslauf besprechen wir im Explo Team und sammeln gemeinsam erste Ideen und Optionen.<\/p>\t\t\t\t\t<\/div>\n\t\t\t\t\t\t<\/div>\n\t\t\t\t<\/div>\n\t\t\t\t\t\t<\/div>\n\t\t\t\t\t<\/div>\n\t\t<\/div>\n\t\t\t\t\t\t\t\t<\/div>\n\t\t\t\t\t<\/div>\n\t\t<\/section>\n\t\t\t\t<section class=\"elementor-section elementor-top-section elementor-element elementor-element-b53711a elementor-section-boxed elementor-section-height-default elementor-section-height-default\" data-id=\"b53711a\" data-element_type=\"section\" data-settings=\"{&quot;background_background&quot;:&quot;classic&quot;}\">\n\t\t\t\t\t\t<div class=\"elementor-container elementor-column-gap-default\">\n\t\t\t\t\t\t\t<div class=\"elementor-row\">\n\t\t\t\t\t<div class=\"elementor-column elementor-col-50 elementor-top-column elementor-element elementor-element-ef4f80c\" data-id=\"ef4f80c\" data-element_type=\"column\">\n\t\t\t<div class=\"elementor-column-wrap elementor-element-populated\">\n\t\t\t\t\t\t\t<div class=\"elementor-widget-wrap\">\n\t\t\t\t\t\t<div class=\"elementor-element elementor-element-adc349e elementor-widget elementor-widget-text-editor\" data-id=\"adc349e\" data-element_type=\"widget\" data-widget_type=\"text-editor.default\">\n\t\t\t\t<div class=\"elementor-widget-container\">\n\t\t\t\t\t\t\t\t<div class=\"elementor-text-editor elementor-clearfix\">\n\t\t\t\t<p>PERS\u00d6NLICHES ORIENTIERUNGSGESPR\u00c4CH<\/p>\t\t\t\t\t<\/div>\n\t\t\t\t\t\t<\/div>\n\t\t\t\t<\/div>\n\t\t\t\t<div class=\"elementor-element elementor-element-0e74049 elementor-widget elementor-widget-text-editor\" data-id=\"0e74049\" data-element_type=\"widget\" data-widget_type=\"text-editor.default\">\n\t\t\t\t<div class=\"elementor-widget-container\">\n\t\t\t\t\t\t\t\t<div class=\"elementor-text-editor elementor-clearfix\">\n\t\t\t\t<p class=\"p1\">Das erste pers\u00f6nliche Gespr\u00e4ch dient der Orientierung: Was kann ich bereits? Was m\u00f6chte ich in meinem EXPLO lernen? Welche L\u00e4nder, welche Ziele, welche Optionen kommen in Frage?<\/p><p class=\"p1\">Jedes Gespr\u00e4ch ist individuell. \u00dcblicherweise sitzen wir rund 1 1\/2 Stunden zusammen.<\/p><p class=\"p1\">Hier die Inhalte im \u00dcberblick:<\/p><ul><li class=\"li1\">Auswertung des Fragebogens: Welche <b>Talente, Erfahrungen, K\u00f6nnen <\/b>bringst Du mit?<\/li><li class=\"li1\">Wir definieren <b>EXPLO-Phasen und -Ziele<\/b>.<\/li><li class=\"li1\">Aufgrund unserer reichen Erfahrung bringen wir Dich auf neue Gedanken, um <b>weitere Optionen<\/b> f\u00fcr Dein EXPLO herauszufinden.<\/li><li class=\"li1\">Wir entwerfen mit Dir einen m\u00f6glichen <b>Zeitplan<\/b> f\u00fcr Dein EXPLO.<\/li><li class=\"li1\">Wir besprechen mit Dir <b>Kosten &amp; Finanzierungsm\u00f6glichkeiten<\/b>.<\/li><li class=\"li1\">Wir geben Dir ein erstes <b>Feedback zu Deinem Lebenslauf<\/b> f\u00fcr\u00a0die anstehenden\u00a0Bewerbungen.<\/li><li class=\"li1\">Wir halten sp\u00e4tere Ausbildungspl\u00e4ne im Auge, und geben Hinweise zu den \u00fcblichen Bewerbungsverfahren.<\/li><\/ul>\t\t\t\t\t<\/div>\n\t\t\t\t\t\t<\/div>\n\t\t\t\t<\/div>\n\t\t\t\t<div class=\"elementor-element elementor-element-c578eec elementor-widget elementor-widget-text-editor\" data-id=\"c578eec\" data-element_type=\"widget\" data-widget_type=\"text-editor.default\">\n\t\t\t\t<div class=\"elementor-widget-container\">\n\t\t\t\t\t\t\t\t<div class=\"elementor-text-editor elementor-clearfix\">\n\t\t\t\t<p><b>Honorar:<\/b> \u00a0\u20ac 275.00<\/p>\t\t\t\t\t<\/div>\n\t\t\t\t\t\t<\/div>\n\t\t\t\t<\/div>\n\t\t\t\t\t\t<\/div>\n\t\t\t\t\t<\/div>\n\t\t<\/div>\n\t\t\t\t<div class=\"elementor-column elementor-col-50 elementor-top-column elementor-element elementor-element-3bb9834\" data-id=\"3bb9834\" data-element_type=\"column\">\n\t\t\t<div class=\"elementor-column-wrap elementor-element-populated\">\n\t\t\t\t\t\t\t<div class=\"elementor-widget-wrap\">\n\t\t\t\t\t\t<div class=\"elementor-element elementor-element-853baee elementor-widget elementor-widget-text-editor\" data-id=\"853baee\" data-element_type=\"widget\" data-widget_type=\"text-editor.default\">\n\t\t\t\t<div class=\"elementor-widget-container\">\n\t\t\t\t\t\t\t\t<div class=\"elementor-text-editor elementor-clearfix\">\n\t\t\t\t<p class=\"p1\">RECHERCHE &amp; PLANUNGSPHASE<\/p>\t\t\t\t\t<\/div>\n\t\t\t\t\t\t<\/div>\n\t\t\t\t<\/div>\n\t\t\t\t<div class=\"elementor-element elementor-element-4b8119e elementor-widget elementor-widget-text-editor\" data-id=\"4b8119e\" data-element_type=\"widget\" data-widget_type=\"text-editor.default\">\n\t\t\t\t<div class=\"elementor-widget-container\">\n\t\t\t\t\t\t\t\t<div class=\"elementor-text-editor elementor-clearfix\">\n\t\t\t\t<p class=\"p1\">Nachdem wir die verschiedenen Elemente Deines EXPLOs definiert haben, geht es in der Planungsphase darum, die richtigen Projekte f\u00fcr Dich zu finden und mit Dir die einzelnen Optionen zu besprechen.<\/p><ul><li class=\"li1\">Wir suchen f\u00fcr Dich\u00a0<b>geeignete Projekte<\/b> raus und stellen sie Dir vor.<\/li><li class=\"li1\">Wir senden Dir <b>Adressen und Links<\/b> zu den Projekten per Mail zu.<\/li><li class=\"li1\">Wir erarbeiten mit Dir <b>Deine Route<\/b>.<\/li><li class=\"li1\">Wir geben Dir Tipps und wenn m\u00f6glich Kontakte f\u00fcr <b>passende Auslandseins\u00e4tze<\/b> und helfen bei der Bewerbung.<\/li><li class=\"li1\">Wir helfen Dir bei der <b>Logistik:<\/b> Versicherung, Fl\u00fcge, Unterkunft etc.<\/li><li class=\"li1\">Optional begleiten wir Dich durch den\u00a0Bewerbungsprozess f\u00fcr Dein Freiwilligenprojekt, Job oder Praktikum: d.h. Hilfe bei der Formulierung des\u00a0Anschreibens,\u00a0Erstellung des Lebenslaufes und Sammlung der Referenzen auf Deutsch und Englisch (mehr Informationen siehe unten).<\/li><\/ul>\t\t\t\t\t<\/div>\n\t\t\t\t\t\t<\/div>\n\t\t\t\t<\/div>\n\t\t\t\t<div class=\"elementor-element elementor-element-2f95b9c elementor-widget elementor-widget-text-editor\" data-id=\"2f95b9c\" data-element_type=\"widget\" data-widget_type=\"text-editor.default\">\n\t\t\t\t<div class=\"elementor-widget-container\">\n\t\t\t\t\t\t\t\t<div class=\"elementor-text-editor elementor-clearfix\">\n\t\t\t\t<p class=\"p1\"><b>Fee:<\/b> \u20ac 85,00 \/ Stunde<br \/>f\u00fcr Beratungen pers\u00f6nlich \/ telefonisch \/\u00a0 skype \/ per Mail<\/p>\t\t\t\t\t<\/div>\n\t\t\t\t\t\t<\/div>\n\t\t\t\t<\/div>\n\t\t\t\t\t\t<\/div>\n\t\t\t\t\t<\/div>\n\t\t<\/div>\n\t\t\t\t\t\t\t\t<\/div>\n\t\t\t\t\t<\/div>\n\t\t<\/section>\n\t\t\t\t<section class=\"elementor-section elementor-top-section elementor-element elementor-element-62f554a elementor-section-boxed elementor-section-height-default elementor-section-height-default\" data-id=\"62f554a\" data-element_type=\"section\" data-settings=\"{&quot;background_background&quot;:&quot;classic&quot;}\">\n\t\t\t\t\t\t<div class=\"elementor-container elementor-column-gap-default\">\n\t\t\t\t\t\t\t<div class=\"elementor-row\">\n\t\t\t\t\t<div class=\"elementor-column elementor-col-100 elementor-top-column elementor-element elementor-element-c12451e\" data-id=\"c12451e\" data-element_type=\"column\">\n\t\t\t<div class=\"elementor-column-wrap elementor-element-populated\">\n\t\t\t\t\t\t\t<div class=\"elementor-widget-wrap\">\n\t\t\t\t\t\t<div class=\"elementor-element elementor-element-07e8c34 elementor-widget elementor-widget-text-editor\" data-id=\"07e8c34\" data-element_type=\"widget\" data-widget_type=\"text-editor.default\">\n\t\t\t\t<div class=\"elementor-widget-container\">\n\t\t\t\t\t\t\t\t<div class=\"elementor-text-editor elementor-clearfix\">\n\t\t\t\t<p class=\"p1\">ERG\u00c4NZEND<\/p>\t\t\t\t\t<\/div>\n\t\t\t\t\t\t<\/div>\n\t\t\t\t<\/div>\n\t\t\t\t<div class=\"elementor-element elementor-element-b457cae elementor-widget elementor-widget-text-editor\" data-id=\"b457cae\" data-element_type=\"widget\" data-widget_type=\"text-editor.default\">\n\t\t\t\t<div class=\"elementor-widget-container\">\n\t\t\t\t\t\t\t\t<div class=\"elementor-text-editor elementor-clearfix\">\n\t\t\t\t<p class=\"p1\"><b>Schriftliche Zusammenfassung<br \/><\/b>Eine ausf\u00fchrliche, schriftliche Zusammenfassung der Beratungsgespr\u00e4che mit den im Gespr\u00e4ch erarbeiten Zielen und Optionen, Adressen &amp; Links, Feedback zu Deinem Lebenslauf sowie Tipps zu Finanzierung, Reisem\u00f6glichkeiten f\u00fcr Dein EXPLO erstellen wir gerne. Gerade der schriftliche \u00dcberblick \u00fcber die besprochenen Punkte ist sehr wertvoll. Die Zusammenfassung senden wir Dir per E-Mail zu.<\/p><p class=\"p1\"><b>Honorar:<\/b> \u20ac 275,00<\/p><p><b>Weltweites Netzwerk<br \/><\/b>Explorientation hat\u00a0ein Netzwerk von Beratern und Ansprech-partnern\u00a0weltweit. Das Honorar richtet sich nach deren Stundens\u00e4tzen.<\/p>\t\t\t\t\t<\/div>\n\t\t\t\t\t\t<\/div>\n\t\t\t\t<\/div>\n\t\t\t\t\t\t<\/div>\n\t\t\t\t\t<\/div>\n\t\t<\/div>\n\t\t\t\t\t\t\t\t<\/div>\n\t\t\t\t\t<\/div>\n\t\t<\/section>\n\t\t\t\t<section class=\"elementor-section elementor-top-section elementor-element elementor-element-074be20 elementor-section-boxed elementor-section-height-default elementor-section-height-default\" data-id=\"074be20\" data-element_type=\"section\">\n\t\t\t\t\t\t<div class=\"elementor-container elementor-column-gap-default\">\n\t\t\t\t\t\t\t<div class=\"elementor-row\">\n\t\t\t\t\t<div class=\"elementor-column elementor-col-100 elementor-top-column elementor-element elementor-element-f480694\" data-id=\"f480694\" data-element_type=\"column\">\n\t\t\t<div class=\"elementor-column-wrap elementor-element-populated\">\n\t\t\t\t\t\t\t<div class=\"elementor-widget-wrap\">\n\t\t\t\t\t\t<div class=\"elementor-element elementor-element-3d45c99 elementor-widget elementor-widget-spacer\" data-id=\"3d45c99\" data-element_type=\"widget\" data-widget_type=\"spacer.default\">\n\t\t\t\t<div class=\"elementor-widget-container\">\n\t\t\t\t\t<div class=\"elementor-spacer\">\n\t\t\t<div class=\"elementor-spacer-inner\"><\/div>\n\t\t<\/div>\n\t\t\t\t<\/div>\n\t\t\t\t<\/div>\n\t\t\t\t\t\t<\/div>\n\t\t\t\t\t<\/div>\n\t\t<\/div>\n\t\t\t\t\t\t\t\t<\/div>\n\t\t\t\t\t<\/div>\n\t\t<\/section>\n\t\t\t\t\t\t<\/div>\n\t\t\t\t\t\t<\/div>\n\t\t\t\t\t<\/div>\n\t\t","protected":false},"excerpt":{"rendered":"<p>Orientierungsphase Fragebogen Bevor wir in die eigentliche Beratung einsteigen, bitten wir all unsere Klienten einen Fragebogen auszuf\u00fcllen und uns ihren Lebenslauf zu schicken. Hier hei\u00dft es inne halten und zu \u00fcberlegen: Was kann ich? Was zeichnet mich aus? Welche Ziele habe ich beruflich, privat und pers\u00f6nlich bereits erreicht? Was ist<\/p>\n","protected":false},"author":1,"featured_media":0,"parent":288,"menu_order":0,"comment_status":"closed","ping_status":"closed","template":"","meta":[],"yoast_head":"<!-- This site is optimized with the Yoast SEO plugin v17.4 - https:\/\/yoast.com\/wordpress\/plugins\/seo\/ -->\n<title>Leistungen &amp; Honorare -<\/title>\n<meta name=\"robots\" content=\"index, follow, max-snippet:-1, max-image-preview:large, max-video-preview:-1\" \/>\n<link rel=\"canonical\" href=\"https:\/\/explorientation.com\/de\/explo-sabbatical\/services-fees\/\" \/>\n<meta property=\"og:locale\" content=\"de_DE\" \/>\n<meta property=\"og:type\" content=\"article\" \/>\n<meta property=\"og:title\" content=\"Leistungen &amp; Honorare -\" \/>\n<meta property=\"og:description\" content=\"Orientierungsphase Fragebogen Bevor wir in die eigentliche Beratung einsteigen, bitten wir all unsere Klienten einen Fragebogen auszuf\u00fcllen und uns ihren Lebenslauf zu schicken. Hier hei\u00dft es inne halten und zu \u00fcberlegen: Was kann ich? Was zeichnet mich aus? Welche Ziele habe ich beruflich, privat und pers\u00f6nlich bereits erreicht? Was ist\" \/>\n<meta property=\"og:url\" content=\"https:\/\/explorientation.com\/de\/explo-sabbatical\/services-fees\/\" \/>\n<meta property=\"article:modified_time\" content=\"2020-11-16T17:50:28+00:00\" \/>\n<meta property=\"og:image\" content=\"https:\/\/explorientation.com\/de\/wp-content\/uploads\/sites\/4\/elementor\/thumbs\/sabbatical-msoz65gpiqrb6txgjetbpin27i0zkjx0ll82ft17x8.jpg\" \/>\n<meta name=\"twitter:card\" content=\"summary_large_image\" \/>\n<meta name=\"twitter:label1\" content=\"Gesch\u00e4tzte Lesezeit\" \/>\n\t<meta name=\"twitter:data1\" content=\"2\u00a0Minuten\" \/>\n<script type=\"application\/ld+json\" class=\"yoast-schema-graph\">{\"@context\":\"https:\/\/schema.org\",\"@graph\":[{\"@type\":\"WebSite\",\"@id\":\"https:\/\/explorientation.com\/de\/#website\",\"url\":\"https:\/\/explorientation.com\/de\/\",\"name\":\"\",\"description\":\"\",\"potentialAction\":[{\"@type\":\"SearchAction\",\"target\":{\"@type\":\"EntryPoint\",\"urlTemplate\":\"https:\/\/explorientation.com\/de\/?s={search_term_string}\"},\"query-input\":\"required name=search_term_string\"}],\"inLanguage\":\"de\"},{\"@type\":\"ImageObject\",\"@id\":\"https:\/\/explorientation.com\/de\/explo-sabbatical\/services-fees\/#primaryimage\",\"inLanguage\":\"de\",\"url\":\"https:\/\/explorientation.com\/de\/wp-content\/uploads\/sites\/4\/elementor\/thumbs\/sabbatical-msoz65gpiqrb6txgjetbpin27i0zkjx0ll82ft17x8.jpg\",\"contentUrl\":\"https:\/\/explorientation.com\/de\/wp-content\/uploads\/sites\/4\/elementor\/thumbs\/sabbatical-msoz65gpiqrb6txgjetbpin27i0zkjx0ll82ft17x8.jpg\"},{\"@type\":\"WebPage\",\"@id\":\"https:\/\/explorientation.com\/de\/explo-sabbatical\/services-fees\/#webpage\",\"url\":\"https:\/\/explorientation.com\/de\/explo-sabbatical\/services-fees\/\",\"name\":\"Leistungen & Honorare -\",\"isPartOf\":{\"@id\":\"https:\/\/explorientation.com\/de\/#website\"},\"primaryImageOfPage\":{\"@id\":\"https:\/\/explorientation.com\/de\/explo-sabbatical\/services-fees\/#primaryimage\"},\"datePublished\":\"2016-07-07T14:19:06+00:00\",\"dateModified\":\"2020-11-16T17:50:28+00:00\",\"breadcrumb\":{\"@id\":\"https:\/\/explorientation.com\/de\/explo-sabbatical\/services-fees\/#breadcrumb\"},\"inLanguage\":\"de\",\"potentialAction\":[{\"@type\":\"ReadAction\",\"target\":[\"https:\/\/explorientation.com\/de\/explo-sabbatical\/services-fees\/\"]}]},{\"@type\":\"BreadcrumbList\",\"@id\":\"https:\/\/explorientation.com\/de\/explo-sabbatical\/services-fees\/#breadcrumb\",\"itemListElement\":[{\"@type\":\"ListItem\",\"position\":1,\"name\":\"Home\",\"item\":\"https:\/\/explorientation.com\/de\/\"},{\"@type\":\"ListItem\",\"position\":2,\"name\":\"EXPLO-Sabbatical\",\"item\":\"https:\/\/explorientation.com\/de\/explo-sabbatical\/\"},{\"@type\":\"ListItem\",\"position\":3,\"name\":\"Leistungen &#038; Honorare\"}]}]}<\/script>\n<!-- \/ Yoast SEO plugin. -->","yoast_head_json":{"title":"Leistungen & Honorare -","robots":{"index":"index","follow":"follow","max-snippet":"max-snippet:-1","max-image-preview":"max-image-preview:large","max-video-preview":"max-video-preview:-1"},"canonical":"https:\/\/explorientation.com\/de\/explo-sabbatical\/services-fees\/","og_locale":"de_DE","og_type":"article","og_title":"Leistungen & Honorare -","og_description":"Orientierungsphase Fragebogen Bevor wir in die eigentliche Beratung einsteigen, bitten wir all unsere Klienten einen Fragebogen auszuf\u00fcllen und uns ihren Lebenslauf zu schicken. Hier hei\u00dft es inne halten und zu \u00fcberlegen: Was kann ich? Was zeichnet mich aus? Welche Ziele habe ich beruflich, privat und pers\u00f6nlich bereits erreicht? Was ist","og_url":"https:\/\/explorientation.com\/de\/explo-sabbatical\/services-fees\/","article_modified_time":"2020-11-16T17:50:28+00:00","og_image":[{"url":"https:\/\/explorientation.com\/de\/wp-content\/uploads\/sites\/4\/elementor\/thumbs\/sabbatical-msoz65gpiqrb6txgjetbpin27i0zkjx0ll82ft17x8.jpg"}],"twitter_card":"summary_large_image","twitter_misc":{"Gesch\u00e4tzte Lesezeit":"2\u00a0Minuten"},"schema":{"@context":"https:\/\/schema.org","@graph":[{"@type":"WebSite","@id":"https:\/\/explorientation.com\/de\/#website","url":"https:\/\/explorientation.com\/de\/","name":"","description":"","potentialAction":[{"@type":"SearchAction","target":{"@type":"EntryPoint","urlTemplate":"https:\/\/explorientation.com\/de\/?s={search_term_string}"},"query-input":"required name=search_term_string"}],"inLanguage":"de"},{"@type":"ImageObject","@id":"https:\/\/explorientation.com\/de\/explo-sabbatical\/services-fees\/#primaryimage","inLanguage":"de","url":"https:\/\/explorientation.com\/de\/wp-content\/uploads\/sites\/4\/elementor\/thumbs\/sabbatical-msoz65gpiqrb6txgjetbpin27i0zkjx0ll82ft17x8.jpg","contentUrl":"https:\/\/explorientation.com\/de\/wp-content\/uploads\/sites\/4\/elementor\/thumbs\/sabbatical-msoz65gpiqrb6txgjetbpin27i0zkjx0ll82ft17x8.jpg"},{"@type":"WebPage","@id":"https:\/\/explorientation.com\/de\/explo-sabbatical\/services-fees\/#webpage","url":"https:\/\/explorientation.com\/de\/explo-sabbatical\/services-fees\/","name":"Leistungen & Honorare -","isPartOf":{"@id":"https:\/\/explorientation.com\/de\/#website"},"primaryImageOfPage":{"@id":"https:\/\/explorientation.com\/de\/explo-sabbatical\/services-fees\/#primaryimage"},"datePublished":"2016-07-07T14:19:06+00:00","dateModified":"2020-11-16T17:50:28+00:00","breadcrumb":{"@id":"https:\/\/explorientation.com\/de\/explo-sabbatical\/services-fees\/#breadcrumb"},"inLanguage":"de","potentialAction":[{"@type":"ReadAction","target":["https:\/\/explorientation.com\/de\/explo-sabbatical\/services-fees\/"]}]},{"@type":"BreadcrumbList","@id":"https:\/\/explorientation.com\/de\/explo-sabbatical\/services-fees\/#breadcrumb","itemListElement":[{"@type":"ListItem","position":1,"name":"Home","item":"https:\/\/explorientation.com\/de\/"},{"@type":"ListItem","position":2,"name":"EXPLO-Sabbatical","item":"https:\/\/explorientation.com\/de\/explo-sabbatical\/"},{"@type":"ListItem","position":3,"name":"Leistungen &#038; Honorare"}]}]}},"blog_post_layout_featured_media_urls":{"thumbnail":"","full":""},"categories_names":null,"comments_number":"0","_links":{"self":[{"href":"https:\/\/explorientation.com\/de\/wp-json\/wp\/v2\/pages\/371"}],"collection":[{"href":"https:\/\/explorientation.com\/de\/wp-json\/wp\/v2\/pages"}],"about":[{"href":"https:\/\/explorientation.com\/de\/wp-json\/wp\/v2\/types\/page"}],"author":[{"embeddable":true,"href":"https:\/\/explorientation.com\/de\/wp-json\/wp\/v2\/users\/1"}],"replies":[{"embeddable":true,"href":"https:\/\/explorientation.com\/de\/wp-json\/wp\/v2\/comments?post=371"}],"version-history":[{"count":12,"href":"https:\/\/explorientation.com\/de\/wp-json\/wp\/v2\/pages\/371\/revisions"}],"predecessor-version":[{"id":865,"href":"https:\/\/explorientation.com\/de\/wp-json\/wp\/v2\/pages\/371\/revisions\/865"}],"up":[{"embeddable":true,"href":"https:\/\/explorientation.com\/de\/wp-json\/wp\/v2\/pages\/288"}],"wp:attachment":[{"href":"https:\/\/explorientation.com\/de\/wp-json\/wp\/v2\/media?parent=371"}],"curies":[{"name":"wp","href":"https:\/\/api.w.org\/{rel}","templated":true}]}}