{"id":427,"date":"2016-07-12T19:45:24","date_gmt":"2016-07-12T19:45:24","guid":{"rendered":"http:\/\/explorientation.com\/de\/?page_id=427"},"modified":"2020-11-13T11:38:07","modified_gmt":"2020-11-13T11:38:07","slug":"was-wir-tun","status":"publish","type":"page","link":"https:\/\/explorientation.com\/de\/explo-orientation\/was-wir-tun\/","title":{"rendered":"Was wir tun Sch\u00fcler &#038; Studenten"},"content":{"rendered":"\t\t<div data-elementor-type=\"wp-page\" data-elementor-id=\"427\" class=\"elementor elementor-427\" data-elementor-settings=\"[]\">\n\t\t\t\t\t\t<div class=\"elementor-inner\">\n\t\t\t\t\t\t\t<div class=\"elementor-section-wrap\">\n\t\t\t\t\t\t\t<section class=\"elementor-section elementor-top-section elementor-element elementor-element-665bdbb elementor-section-boxed elementor-section-height-default elementor-section-height-default\" data-id=\"665bdbb\" data-element_type=\"section\" data-settings=\"{&quot;background_background&quot;:&quot;classic&quot;}\">\n\t\t\t\t\t\t<div class=\"elementor-container elementor-column-gap-default\">\n\t\t\t\t\t\t\t<div class=\"elementor-row\">\n\t\t\t\t\t<div class=\"elementor-column elementor-col-100 elementor-top-column elementor-element elementor-element-c545197\" data-id=\"c545197\" data-element_type=\"column\">\n\t\t\t<div class=\"elementor-column-wrap elementor-element-populated\">\n\t\t\t\t\t\t\t<div class=\"elementor-widget-wrap\">\n\t\t\t\t\t\t<div class=\"elementor-element elementor-element-5a21dff elementor-widget elementor-widget-image\" data-id=\"5a21dff\" data-element_type=\"widget\" data-widget_type=\"image.default\">\n\t\t\t\t<div class=\"elementor-widget-container\">\n\t\t\t\t\t\t\t\t<div class=\"elementor-image\">\n\t\t\t\t\t\t\t\t\t\t\t\t<img decoding=\"async\" width=\"150\" height=\"150\" src=\"https:\/\/explorientation.com\/de\/wp-content\/uploads\/sites\/4\/2020\/11\/Graduates-Schoolleavers-150x150.png\" class=\"attachment-thumbnail size-thumbnail\" alt=\"\" loading=\"lazy\" \/>\t\t\t\t\t\t\t\t\t\t\t\t\t\t<\/div>\n\t\t\t\t\t\t<\/div>\n\t\t\t\t<\/div>\n\t\t\t\t<div class=\"elementor-element elementor-element-b0e8405 elementor-widget elementor-widget-heading\" data-id=\"b0e8405\" data-element_type=\"widget\" data-widget_type=\"heading.default\">\n\t\t\t\t<div class=\"elementor-widget-container\">\n\t\t\t<h1 class=\"elementor-heading-title elementor-size-default\">EXPLORIENTATION F\u00dcR SCHUL- UND UNIABSOLVENTEN<\/h1>\t\t<\/div>\n\t\t\t\t<\/div>\n\t\t\t\t<div class=\"elementor-element elementor-element-d67c5e7 elementor-widget elementor-widget-text-editor\" data-id=\"d67c5e7\" data-element_type=\"widget\" data-widget_type=\"text-editor.default\">\n\t\t\t\t<div class=\"elementor-widget-container\">\n\t\t\t\t\t\t\t\t<div class=\"elementor-text-editor elementor-clearfix\">\n\t\t\t\t<p class=\"p1\"><span class=\"s1\">Was k\u00f6nnte ich Konstruktives tun, das mich in die reale Welt hinausf\u00fchrt, um etwas Neues zu lernen und meine Grenzen zu testen? Wie kann ich mich differenzieren, neue Herausforderungen meistern und einen Vorgeschmack darauf bekommen, was ich sp\u00e4ter mit meinem Leben anfangen kann?<\/span><\/p><p class=\"p1\"><span class=\"s1\">Bei <span style=\"color: #7eb8b2;\"><strong>EXPLORIENTATION<\/strong><\/span> trennen wir den Weizen von der Spreu der M\u00f6glichkeiten und f\u00fchren Dich zu neuen Ideen &#8211; zu konstruktiven und ma\u00dfgeschneiderten. Mit unserer Erfahrung und unseren Marktkenntnissen begleiten wir Dich durch den Prozess.<\/span><\/p><p class=\"p1\"><span class=\"s1\">Wir bieten Orientierung, ein aussergew\u00f6hnliches Netzwerk, internationale Partner und arbeiten mit Dir an der wichtigsten Frage: Welche F\u00e4higkeiten habe ich und was will ich erreichen?<\/span><\/p><p class=\"p1\"><span class=\"s1\">Mit unserer internationalen Erfahrung helfen wir Dir, die optimale Herausforderung und die passenden Projekte zu finden &#8211; Dein <span style=\"color: #7eb8b2;\"><strong>EXPLO<\/strong><\/span>. <\/span><\/p><p class=\"p1\"><span class=\"s1\">Den folgenden \u00dcberblick \u00fcber unseren Beratungsablauf finden Sie hier als pdf Download:<a href=\"https:\/\/explorientation.com\/de\/wp-content\/uploads\/sites\/4\/2015\/06\/EXPLO-Beratung-Factsheet.pdf\"><span class=\"s2\">EXPLO Beratung \u2013 Factsheet<\/span><\/a>\u00a0.<\/span><\/p>\t\t\t\t\t<\/div>\n\t\t\t\t\t\t<\/div>\n\t\t\t\t<\/div>\n\t\t\t\t<div class=\"elementor-element elementor-element-e235cd0 elementor-align-center animated-slow elementor-widget elementor-widget-button\" data-id=\"e235cd0\" data-element_type=\"widget\" data-settings=\"{&quot;_animation&quot;:&quot;none&quot;,&quot;_animation_delay&quot;:2000}\" data-widget_type=\"button.default\">\n\t\t\t\t<div class=\"elementor-widget-container\">\n\t\t\t\t\t<div class=\"elementor-button-wrapper\">\n\t\t\t<a href=\"https:\/\/explorientation.com\/de\/wp-content\/uploads\/sites\/4\/2020\/11\/Explo-Faktensammlung-Deutsch.pdf\" class=\"elementor-button-link elementor-button elementor-size-sm elementor-animation-grow\" role=\"button\">\n\t\t\t\t\t\t<span class=\"elementor-button-content-wrapper\">\n\t\t\t\t\t\t<span class=\"elementor-button-text\">EXPLO Beratung \u2013 Factsheet<\/span>\n\t\t<\/span>\n\t\t\t\t\t<\/a>\n\t\t<\/div>\n\t\t\t\t<\/div>\n\t\t\t\t<\/div>\n\t\t\t\t\t\t<\/div>\n\t\t\t\t\t<\/div>\n\t\t<\/div>\n\t\t\t\t\t\t\t\t<\/div>\n\t\t\t\t\t<\/div>\n\t\t<\/section>\n\t\t\t\t<section class=\"elementor-section elementor-top-section elementor-element elementor-element-f5e466c elementor-section-boxed elementor-section-height-default elementor-section-height-default\" data-id=\"f5e466c\" data-element_type=\"section\">\n\t\t\t\t\t\t<div class=\"elementor-container elementor-column-gap-default\">\n\t\t\t\t\t\t\t<div class=\"elementor-row\">\n\t\t\t\t\t<div class=\"elementor-column elementor-col-100 elementor-top-column elementor-element elementor-element-97f86b6\" data-id=\"97f86b6\" data-element_type=\"column\">\n\t\t\t<div class=\"elementor-column-wrap elementor-element-populated\">\n\t\t\t\t\t\t\t<div class=\"elementor-widget-wrap\">\n\t\t\t\t\t\t<div class=\"elementor-element elementor-element-dd981b7 elementor-widget elementor-widget-spacer\" data-id=\"dd981b7\" data-element_type=\"widget\" data-widget_type=\"spacer.default\">\n\t\t\t\t<div class=\"elementor-widget-container\">\n\t\t\t\t\t<div class=\"elementor-spacer\">\n\t\t\t<div class=\"elementor-spacer-inner\"><\/div>\n\t\t<\/div>\n\t\t\t\t<\/div>\n\t\t\t\t<\/div>\n\t\t\t\t\t\t<\/div>\n\t\t\t\t\t<\/div>\n\t\t<\/div>\n\t\t\t\t\t\t\t\t<\/div>\n\t\t\t\t\t<\/div>\n\t\t<\/section>\n\t\t\t\t\t\t<\/div>\n\t\t\t\t\t\t<\/div>\n\t\t\t\t\t<\/div>\n\t\t","protected":false},"excerpt":{"rendered":"<p>EXPLORIENTATION F\u00dcR SCHUL- UND UNIABSOLVENTEN Was k\u00f6nnte ich Konstruktives tun, das mich in die reale Welt hinausf\u00fchrt, um etwas Neues zu lernen und meine Grenzen zu testen? Wie kann ich mich differenzieren, neue Herausforderungen meistern und einen Vorgeschmack darauf bekommen, was ich sp\u00e4ter mit meinem Leben anfangen kann? Bei EXPLORIENTATION<\/p>\n","protected":false},"author":1,"featured_media":0,"parent":37,"menu_order":0,"comment_status":"closed","ping_status":"closed","template":"","meta":[],"yoast_head":"<!-- This site is optimized with the Yoast SEO plugin v17.4 - https:\/\/yoast.com\/wordpress\/plugins\/seo\/ -->\n<title>Was wir tun Sch\u00fcler &amp; Studenten -<\/title>\n<meta name=\"robots\" content=\"index, follow, max-snippet:-1, max-image-preview:large, max-video-preview:-1\" \/>\n<link rel=\"canonical\" href=\"https:\/\/explorientation.com\/de\/explo-orientation\/was-wir-tun\/\" \/>\n<meta property=\"og:locale\" content=\"de_DE\" \/>\n<meta property=\"og:type\" content=\"article\" \/>\n<meta property=\"og:title\" content=\"Was wir tun Sch\u00fcler &amp; Studenten -\" \/>\n<meta property=\"og:description\" content=\"EXPLORIENTATION F\u00dcR SCHUL- UND UNIABSOLVENTEN Was k\u00f6nnte ich Konstruktives tun, das mich in die reale Welt hinausf\u00fchrt, um etwas Neues zu lernen und meine Grenzen zu testen? Wie kann ich mich differenzieren, neue Herausforderungen meistern und einen Vorgeschmack darauf bekommen, was ich sp\u00e4ter mit meinem Leben anfangen kann? Bei EXPLORIENTATION\" \/>\n<meta property=\"og:url\" content=\"https:\/\/explorientation.com\/de\/explo-orientation\/was-wir-tun\/\" \/>\n<meta property=\"article:modified_time\" content=\"2020-11-13T11:38:07+00:00\" \/>\n<meta property=\"og:image\" content=\"https:\/\/explorientation.com\/de\/wp-content\/uploads\/sites\/4\/2020\/11\/Graduates-Schoolleavers-150x150.png\" \/>\n<meta name=\"twitter:card\" content=\"summary_large_image\" \/>\n<meta name=\"twitter:label1\" content=\"Gesch\u00e4tzte Lesezeit\" \/>\n\t<meta name=\"twitter:data1\" content=\"1\u00a0Minute\" \/>\n<script type=\"application\/ld+json\" class=\"yoast-schema-graph\">{\"@context\":\"https:\/\/schema.org\",\"@graph\":[{\"@type\":\"WebSite\",\"@id\":\"https:\/\/explorientation.com\/de\/#website\",\"url\":\"https:\/\/explorientation.com\/de\/\",\"name\":\"\",\"description\":\"\",\"potentialAction\":[{\"@type\":\"SearchAction\",\"target\":{\"@type\":\"EntryPoint\",\"urlTemplate\":\"https:\/\/explorientation.com\/de\/?s={search_term_string}\"},\"query-input\":\"required name=search_term_string\"}],\"inLanguage\":\"de\"},{\"@type\":\"ImageObject\",\"@id\":\"https:\/\/explorientation.com\/de\/explo-orientation\/was-wir-tun\/#primaryimage\",\"inLanguage\":\"de\",\"url\":\"https:\/\/explorientation.com\/de\/wp-content\/uploads\/sites\/4\/2020\/11\/Graduates-Schoolleavers.png\",\"contentUrl\":\"https:\/\/explorientation.com\/de\/wp-content\/uploads\/sites\/4\/2020\/11\/Graduates-Schoolleavers.png\",\"width\":567,\"height\":545},{\"@type\":\"WebPage\",\"@id\":\"https:\/\/explorientation.com\/de\/explo-orientation\/was-wir-tun\/#webpage\",\"url\":\"https:\/\/explorientation.com\/de\/explo-orientation\/was-wir-tun\/\",\"name\":\"Was wir tun Sch\\u00fcler & Studenten -\",\"isPartOf\":{\"@id\":\"https:\/\/explorientation.com\/de\/#website\"},\"primaryImageOfPage\":{\"@id\":\"https:\/\/explorientation.com\/de\/explo-orientation\/was-wir-tun\/#primaryimage\"},\"datePublished\":\"2016-07-12T19:45:24+00:00\",\"dateModified\":\"2020-11-13T11:38:07+00:00\",\"breadcrumb\":{\"@id\":\"https:\/\/explorientation.com\/de\/explo-orientation\/was-wir-tun\/#breadcrumb\"},\"inLanguage\":\"de\",\"potentialAction\":[{\"@type\":\"ReadAction\",\"target\":[\"https:\/\/explorientation.com\/de\/explo-orientation\/was-wir-tun\/\"]}]},{\"@type\":\"BreadcrumbList\",\"@id\":\"https:\/\/explorientation.com\/de\/explo-orientation\/was-wir-tun\/#breadcrumb\",\"itemListElement\":[{\"@type\":\"ListItem\",\"position\":1,\"name\":\"Home\",\"item\":\"https:\/\/explorientation.com\/de\/\"},{\"@type\":\"ListItem\",\"position\":2,\"name\":\"EXPLO Sch\\u00fcler\",\"item\":\"https:\/\/explorientation.com\/de\/explo-orientation\/\"},{\"@type\":\"ListItem\",\"position\":3,\"name\":\"Was wir tun Sch\\u00fcler &#038; Studenten\"}]}]}<\/script>\n<!-- \/ Yoast SEO plugin. -->","yoast_head_json":{"title":"Was wir tun Sch\u00fcler & Studenten -","robots":{"index":"index","follow":"follow","max-snippet":"max-snippet:-1","max-image-preview":"max-image-preview:large","max-video-preview":"max-video-preview:-1"},"canonical":"https:\/\/explorientation.com\/de\/explo-orientation\/was-wir-tun\/","og_locale":"de_DE","og_type":"article","og_title":"Was wir tun Sch\u00fcler & Studenten -","og_description":"EXPLORIENTATION F\u00dcR SCHUL- UND UNIABSOLVENTEN Was k\u00f6nnte ich Konstruktives tun, das mich in die reale Welt hinausf\u00fchrt, um etwas Neues zu lernen und meine Grenzen zu testen? Wie kann ich mich differenzieren, neue Herausforderungen meistern und einen Vorgeschmack darauf bekommen, was ich sp\u00e4ter mit meinem Leben anfangen kann? Bei EXPLORIENTATION","og_url":"https:\/\/explorientation.com\/de\/explo-orientation\/was-wir-tun\/","article_modified_time":"2020-11-13T11:38:07+00:00","og_image":[{"url":"https:\/\/explorientation.com\/de\/wp-content\/uploads\/sites\/4\/2020\/11\/Graduates-Schoolleavers-150x150.png"}],"twitter_card":"summary_large_image","twitter_misc":{"Gesch\u00e4tzte Lesezeit":"1\u00a0Minute"},"schema":{"@context":"https:\/\/schema.org","@graph":[{"@type":"WebSite","@id":"https:\/\/explorientation.com\/de\/#website","url":"https:\/\/explorientation.com\/de\/","name":"","description":"","potentialAction":[{"@type":"SearchAction","target":{"@type":"EntryPoint","urlTemplate":"https:\/\/explorientation.com\/de\/?s={search_term_string}"},"query-input":"required name=search_term_string"}],"inLanguage":"de"},{"@type":"ImageObject","@id":"https:\/\/explorientation.com\/de\/explo-orientation\/was-wir-tun\/#primaryimage","inLanguage":"de","url":"https:\/\/explorientation.com\/de\/wp-content\/uploads\/sites\/4\/2020\/11\/Graduates-Schoolleavers.png","contentUrl":"https:\/\/explorientation.com\/de\/wp-content\/uploads\/sites\/4\/2020\/11\/Graduates-Schoolleavers.png","width":567,"height":545},{"@type":"WebPage","@id":"https:\/\/explorientation.com\/de\/explo-orientation\/was-wir-tun\/#webpage","url":"https:\/\/explorientation.com\/de\/explo-orientation\/was-wir-tun\/","name":"Was wir tun Sch\u00fcler & Studenten -","isPartOf":{"@id":"https:\/\/explorientation.com\/de\/#website"},"primaryImageOfPage":{"@id":"https:\/\/explorientation.com\/de\/explo-orientation\/was-wir-tun\/#primaryimage"},"datePublished":"2016-07-12T19:45:24+00:00","dateModified":"2020-11-13T11:38:07+00:00","breadcrumb":{"@id":"https:\/\/explorientation.com\/de\/explo-orientation\/was-wir-tun\/#breadcrumb"},"inLanguage":"de","potentialAction":[{"@type":"ReadAction","target":["https:\/\/explorientation.com\/de\/explo-orientation\/was-wir-tun\/"]}]},{"@type":"BreadcrumbList","@id":"https:\/\/explorientation.com\/de\/explo-orientation\/was-wir-tun\/#breadcrumb","itemListElement":[{"@type":"ListItem","position":1,"name":"Home","item":"https:\/\/explorientation.com\/de\/"},{"@type":"ListItem","position":2,"name":"EXPLO Sch\u00fcler","item":"https:\/\/explorientation.com\/de\/explo-orientation\/"},{"@type":"ListItem","position":3,"name":"Was wir tun Sch\u00fcler &#038; Studenten"}]}]}},"blog_post_layout_featured_media_urls":{"thumbnail":"","full":""},"categories_names":null,"comments_number":"0","_links":{"self":[{"href":"https:\/\/explorientation.com\/de\/wp-json\/wp\/v2\/pages\/427"}],"collection":[{"href":"https:\/\/explorientation.com\/de\/wp-json\/wp\/v2\/pages"}],"about":[{"href":"https:\/\/explorientation.com\/de\/wp-json\/wp\/v2\/types\/page"}],"author":[{"embeddable":true,"href":"https:\/\/explorientation.com\/de\/wp-json\/wp\/v2\/users\/1"}],"replies":[{"embeddable":true,"href":"https:\/\/explorientation.com\/de\/wp-json\/wp\/v2\/comments?post=427"}],"version-history":[{"count":6,"href":"https:\/\/explorientation.com\/de\/wp-json\/wp\/v2\/pages\/427\/revisions"}],"predecessor-version":[{"id":788,"href":"https:\/\/explorientation.com\/de\/wp-json\/wp\/v2\/pages\/427\/revisions\/788"}],"up":[{"embeddable":true,"href":"https:\/\/explorientation.com\/de\/wp-json\/wp\/v2\/pages\/37"}],"wp:attachment":[{"href":"https:\/\/explorientation.com\/de\/wp-json\/wp\/v2\/media?parent=427"}],"curies":[{"name":"wp","href":"https:\/\/api.w.org\/{rel}","templated":true}]}}